{"id":97,"date":"2023-02-16T10:09:01","date_gmt":"2023-02-16T07:09:01","guid":{"rendered":"http:\/\/www.zonguldakarge.com\/?page_id=97"},"modified":"2023-02-16T10:09:02","modified_gmt":"2023-02-16T07:09:02","slug":"kentsel-donusum-sureci-2","status":"publish","type":"page","link":"https:\/\/www.zonguldakarge.com\/?page_id=97","title":{"rendered":"Kentsel D\u00f6n\u00fc\u015f\u00fcm Avantajlar\u0131"},"content":{"rendered":"\n<p class=\"has-large-font-size\"><strong>Kentsel D\u00f6n\u00fc\u015f\u00fcm Avantajlar\u0131<\/strong><\/p>\n\n\n\n<p>1.&nbsp;&nbsp;&nbsp;&nbsp;&nbsp;&nbsp;&nbsp;&nbsp;&nbsp;&nbsp;&nbsp; Tapu Sahibi olarak ; sahip oldu\u011funuz tek tapu i\u00e7in 0.35 ile 0.45 aras\u0131ndaki faiz oranlar\u0131 ile 100.000 TL 12ay geri \u00f6demesiz kredi kullanabilir ; yada birden fazla tapunuz var ise tek birey olarak 500.000 TL\u2019ye varan kredi imkan\u0131ndan faydalanabilirsiniz<\/p>\n\n\n\n<p>2.&nbsp;&nbsp;&nbsp;&nbsp;&nbsp;&nbsp;&nbsp;&nbsp;&nbsp;&nbsp;&nbsp; Kentsel D\u00f6n\u00fc\u015f\u00fcm te\u015fviklerinden ; Sadece iskanl\u0131 binalar de\u011fil ; arsa tapulu,gecekondu yada ka\u00e7ak pozisyonunda bulunan yap\u0131lar da faydalanabilir<\/p>\n\n\n\n<p>3.&nbsp;&nbsp;&nbsp;&nbsp;&nbsp;&nbsp;&nbsp;&nbsp;&nbsp;&nbsp;&nbsp; \u0130lgili binada tapu sahibi olarak yada 1 y\u0131l\u0131n\u0131 doldurmu\u015f kirac\u0131 olarak ; 18 ay geri d\u00f6n\u00fc\u015f\u00fcms\u00fcz(hibe) olan kira yard\u0131m\u0131ndan faydalanabilirsiniz. Kira yard\u0131m\u0131 \u0130stanbul i\u00e7in 650 TL olarak belirlenmi\u015ftir.Di\u011fer \u015fehirlerle ilgili kriteri \u201cFinansal Dan\u0131\u015fmanl\u0131k\u201d sayfas\u0131nda bulabilirsiniz<\/p>\n\n\n\n<p>4.&nbsp;&nbsp;&nbsp;&nbsp;&nbsp;&nbsp;&nbsp;&nbsp;&nbsp;&nbsp;&nbsp; Binan\u0131n yeniden projelendirilmesi ve yeniden in\u015fa edilmesi ad\u0131na karar alma s\u00fcrecini ; binada yakalayaca\u011f\u0131n\u0131z 3\/2 \u00e7o\u011funluk ile tamamlayabilirsiniz<\/p>\n\n\n\n<p>5.&nbsp;&nbsp;&nbsp;&nbsp;&nbsp;&nbsp;&nbsp;&nbsp;&nbsp;&nbsp;&nbsp; Y\u0131k\u0131m karar\u0131 al\u0131nan ilgili parseldeki ilgili bina yerine in\u015fa edece\u011finiz yeni bina i\u00e7in Belediye ve Noter Har\u00e7lar\u0131ndan muaf olursunuz<\/p>\n\n\n\n<p>6.&nbsp;&nbsp;&nbsp;&nbsp;&nbsp;&nbsp;&nbsp;&nbsp;&nbsp;&nbsp;&nbsp; Yeniden in\u015fa edece\u011finiz bina ile eski dairenize k\u0131yasen daha de\u011ferli bir daireye sahip olursunuz.<\/p>\n\n\n\n<figure class=\"wp-block-image size-full\"><img loading=\"lazy\" decoding=\"async\" width=\"310\" height=\"362\" src=\"http:\/\/www.zonguldakarge.com\/wp-content\/uploads\/2023\/02\/avantajlar.jpg\" alt=\"\" class=\"wp-image-98\" srcset=\"https:\/\/www.zonguldakarge.com\/wp-content\/uploads\/2023\/02\/avantajlar.jpg 310w, https:\/\/www.zonguldakarge.com\/wp-content\/uploads\/2023\/02\/avantajlar-257x300.jpg 257w\" sizes=\"(max-width: 310px) 100vw, 310px\" \/><\/figure>\n","protected":false},"excerpt":{"rendered":"<p>Kentsel D\u00f6n\u00fc\u015f\u00fcm Avantajlar\u0131 1.&nbsp;&nbsp;&nbsp;&nbsp;&nbsp;&nbsp;&nbsp;&nbsp;&nbsp;&nbsp;&nbsp; Tapu Sahibi olarak ; sahip oldu\u011funuz tek tapu i\u00e7in 0.35 ile 0.45 aras\u0131ndaki faiz oranlar\u0131 ile 100.000 TL 12ay geri \u00f6demesiz kredi kullanabilir ; yada birden fazla tapunuz var ise tek birey olarak 500.000 TL\u2019ye varan kredi imkan\u0131ndan faydalanabilirsiniz 2.&nbsp;&nbsp;&nbsp;&nbsp;&nbsp;&nbsp;&nbsp;&nbsp;&nbsp;&nbsp;&nbsp; Kentsel D\u00f6n\u00fc\u015f\u00fcm te\u015fviklerinden ; Sadece iskanl\u0131 binalar de\u011fil ; arsa tapulu,gecekondu &hellip; <a href=\"https:\/\/www.zonguldakarge.com\/?page_id=97\" class=\"more-link\">Continue reading<span class=\"screen-reader-text\"> &#8220;Kentsel D\u00f6n\u00fc\u015f\u00fcm Avantajlar\u0131&#8221;<\/span><\/a><\/p>\n","protected":false},"author":1,"featured_media":0,"parent":0,"menu_order":0,"comment_status":"closed","ping_status":"closed","template":"","meta":{"footnotes":""},"_links":{"self":[{"href":"https:\/\/www.zonguldakarge.com\/index.php?rest_route=\/wp\/v2\/pages\/97"}],"collection":[{"href":"https:\/\/www.zonguldakarge.com\/index.php?rest_route=\/wp\/v2\/pages"}],"about":[{"href":"https:\/\/www.zonguldakarge.com\/index.php?rest_route=\/wp\/v2\/types\/page"}],"author":[{"embeddable":true,"href":"https:\/\/www.zonguldakarge.com\/index.php?rest_route=\/wp\/v2\/users\/1"}],"replies":[{"embeddable":true,"href":"https:\/\/www.zonguldakarge.com\/index.php?rest_route=%2Fwp%2Fv2%2Fcomments&post=97"}],"version-history":[{"count":1,"href":"https:\/\/www.zonguldakarge.com\/index.php?rest_route=\/wp\/v2\/pages\/97\/revisions"}],"predecessor-version":[{"id":99,"href":"https:\/\/www.zonguldakarge.com\/index.php?rest_route=\/wp\/v2\/pages\/97\/revisions\/99"}],"wp:attachment":[{"href":"https:\/\/www.zonguldakarge.com\/index.php?rest_route=%2Fwp%2Fv2%2Fmedia&parent=97"}],"curies":[{"name":"wp","href":"https:\/\/api.w.org\/{rel}","templated":true}]}}