{"id":81,"date":"2023-02-15T20:56:29","date_gmt":"2023-02-15T17:56:29","guid":{"rendered":"http:\/\/www.zonguldakarge.com\/?page_id=81"},"modified":"2023-02-16T09:28:28","modified_gmt":"2023-02-16T06:28:28","slug":"kentsel-donusum-sureci","status":"publish","type":"page","link":"https:\/\/www.zonguldakarge.com\/?page_id=81","title":{"rendered":"Kentsel D\u00f6n\u00fc\u015f\u00fcm S\u00fcreci"},"content":{"rendered":"\n<p class=\"has-large-font-size\"><strong>Kentsel D\u00f6n\u00fc\u015f\u00fcm S\u00fcreci<\/strong><\/p>\n\n\n\n<p>Kentsel d\u00f6n\u00fc\u015f\u00fcme haz\u0131r bir kadro ile g\u00fc\u00e7lendirme projeleride dahil olmak \u00fczere deneyimli ve istikrarl\u0131 bir kadro ile Zonguldak ve \u00e7evre illerimizin hizmetindeyiz. E\u011fer sizde mevcut binan\u0131z\u0131n yeni y\u00f6netmeli\u011fe uygun \u00f6zellikler ta\u015f\u0131y\u0131p ta\u015f\u0131mad\u0131\u011f\u0131ndan emin olmak istiyorsan\u0131z, Zonguldak Arge dan\u0131\u015fmanl\u0131k, test ve deney hizmetleri sizleri bekliyor.<\/p>\n\n\n\n<p>&nbsp; &nbsp;Kentsel D\u00f6n\u00fc\u015f\u00fcm nedir; kentsel geli\u015fmenin toplumsal ekonomik ve mekansal olarak yeniden ele al\u0131nd\u0131\u011f\u0131 ve kentteki sorunlu alanlar\u0131n sa\u011fl\u0131kl\u0131 ve ya\u015fanabilir hale getirilmesi i\u00e7in y\u0131k\u0131p yeniden yapma canland\u0131rma sa\u011fl\u0131kla\u015ft\u0131rma veya yeniden yap\u0131land\u0131rma i\u00e7in proje \u00fcretilmesi ve uygulama yap\u0131lmas\u0131d\u0131r. \u00d6zetle kentsel d\u00f6n\u00fc\u015f\u00fcm bir kentin dokusun bozan sorunlar\u0131n giderilmesi anlam\u0131na geliyor.<\/p>\n\n\n\n<figure class=\"wp-block-image size-full\"><img loading=\"lazy\" decoding=\"async\" width=\"500\" height=\"400\" src=\"http:\/\/www.zonguldakarge.com\/wp-content\/uploads\/2023\/02\/ankraj.jpg\" alt=\"\" class=\"wp-image-82\" srcset=\"https:\/\/www.zonguldakarge.com\/wp-content\/uploads\/2023\/02\/ankraj.jpg 500w, https:\/\/www.zonguldakarge.com\/wp-content\/uploads\/2023\/02\/ankraj-300x240.jpg 300w, https:\/\/www.zonguldakarge.com\/wp-content\/uploads\/2023\/02\/ankraj-183x146.jpg 183w, https:\/\/www.zonguldakarge.com\/wp-content\/uploads\/2023\/02\/ankraj-50x40.jpg 50w, https:\/\/www.zonguldakarge.com\/wp-content\/uploads\/2023\/02\/ankraj-88x70.jpg 88w\" sizes=\"(max-width: 500px) 100vw, 500px\" \/><\/figure>\n\n\n\n<p><strong>Peki kentsel d\u00f6n\u00fc\u015f\u00fcm s\u00fcreci nas\u0131l i\u015fliyor ?<\/strong><\/p>\n\n\n\n<p>1. Kentsel D\u00f6n\u00fc\u015f\u00fcm i\u00e7in Bakanl\u0131k Onayl\u0131 Deprem Risk Raporunun Haz\u0131rlanmas\u0131 i\u00e7in ba\u015fvuru\u2028<\/p>\n\n\n\n<p>2. Binan\u0131z Deprem Performans\u0131n\u0131n Belirlenmesi ve Raporlanmas\u0131<\/p>\n\n\n\n<p>Ve Bakanl\u0131k taraf\u0131ndan onaylanmas\u0131<\/p>\n\n\n\n<p>3. Yeni in\u015faat\u0131n\u0131z i\u00e7in Tapu, Belediye, Noter Har\u00e7 ve Vergi Muafiyet Dan\u0131\u015fmanl\u0131\u011f\u0131\u2028\u2028<\/p>\n\n\n\n<p>4. Bina Ortak Karar Protokol\u00fcn\u00fcz\u00fcn Haz\u0131rlanmas\u0131<\/p>\n\n\n\n<p>5. Kentsel D\u00f6n\u00fc\u015f\u00fcm Kredilerinin \u00e7\u0131kar\u0131lmas\u0131 (Anla\u015fmal\u0131 Bankalar\u0131m\u0131zdan; \u00d6zel Kredi Ko\u015fullar\u0131 yan\u0131nda Kredi Masraf\u0131 \u0130ndirimi veya Deprem Risk Raporu i\u00e7in Ek Maddi Yard\u0131m)<\/p>\n\n\n\n<p>6. M\u00fclk Sahipleri ve Kirac\u0131lar i\u00e7in Bakanl\u0131ktan Kentsel D\u00f6n\u00fc\u015f\u00fcm Kira Yard\u0131m\u0131n\u0131n ba\u015fvurusu<\/p>\n\n\n\n<p>7. Bina Gayrimenkul De\u011fer Tespitinin yap\u0131lmas\u0131\u2028\u2028<\/p>\n\n\n\n<p>8. Anla\u015fmayan Kat Malik Hisselerinin Bakanl\u0131ktan sat\u0131\u015f\u0131 veya kamula\u015ft\u0131r\u0131lmas\u0131\u2028\u2028<\/p>\n\n\n\n<p>9. Yeni Binan\u0131z i\u00e7in Projelerinizin Haz\u0131rlanmas\u0131\u2028<\/p>\n\n\n\n<p>10. Yeni Binan\u0131z i\u00e7in \u0130lgili Belediyeden \u0130n\u015faat Ruhsat\u0131n\u0131n al\u0131nmas\u0131\u2028\u2028<\/p>\n\n\n\n<p>11. Yeni Binan\u0131z\u0131n Yap\u0131 Denetim Kontrol hizmetlerinin verilmesi\u2028\u2028<\/p>\n\n\n\n<p>12. Yeni Binan\u0131z \u0130n\u015faat\u0131 i\u00e7in Bakanl\u0131k\u00e7a Lisansl\u0131 M\u00fcteahhit &#8211; \u0130n\u015faat \u015eirketi ile anla\u015fma. ( Kredinizi direk olarak banka onay\u0131 ile y\u00fcklenici-in\u015faat \u015firketinin kullan\u0131m\u0131na a\u00e7abilirsiniz, bankan\u0131z sizin i\u00e7in o m\u00fcteahhittin veya \u015firketin ge\u00e7mi\u015fini ara\u015ft\u0131r\u0131r, kredibilitesini \u00e7\u0131kar\u0131r ve krediyi bina bittik\u00e7e hakkedi\u015f usul\u00fc m\u00fcteahhittin kullan\u0131m\u0131na a\u00e7ar. B\u00f6ylelikle kendi paran\u0131z risk alt\u0131na girmez.)<\/p>\n","protected":false},"excerpt":{"rendered":"<p>Kentsel D\u00f6n\u00fc\u015f\u00fcm S\u00fcreci Kentsel d\u00f6n\u00fc\u015f\u00fcme haz\u0131r bir kadro ile g\u00fc\u00e7lendirme projeleride dahil olmak \u00fczere deneyimli ve istikrarl\u0131 bir kadro ile Zonguldak ve \u00e7evre illerimizin hizmetindeyiz. E\u011fer sizde mevcut binan\u0131z\u0131n yeni y\u00f6netmeli\u011fe uygun \u00f6zellikler ta\u015f\u0131y\u0131p ta\u015f\u0131mad\u0131\u011f\u0131ndan emin olmak istiyorsan\u0131z, Zonguldak Arge dan\u0131\u015fmanl\u0131k, test ve deney hizmetleri sizleri bekliyor. &nbsp; &nbsp;Kentsel D\u00f6n\u00fc\u015f\u00fcm nedir; kentsel geli\u015fmenin toplumsal ekonomik &hellip; <a href=\"https:\/\/www.zonguldakarge.com\/?page_id=81\" class=\"more-link\">Continue reading<span class=\"screen-reader-text\"> &#8220;Kentsel D\u00f6n\u00fc\u015f\u00fcm S\u00fcreci&#8221;<\/span><\/a><\/p>\n","protected":false},"author":1,"featured_media":0,"parent":0,"menu_order":0,"comment_status":"closed","ping_status":"closed","template":"","meta":{"footnotes":""},"_links":{"self":[{"href":"https:\/\/www.zonguldakarge.com\/index.php?rest_route=\/wp\/v2\/pages\/81"}],"collection":[{"href":"https:\/\/www.zonguldakarge.com\/index.php?rest_route=\/wp\/v2\/pages"}],"about":[{"href":"https:\/\/www.zonguldakarge.com\/index.php?rest_route=\/wp\/v2\/types\/page"}],"author":[{"embeddable":true,"href":"https:\/\/www.zonguldakarge.com\/index.php?rest_route=\/wp\/v2\/users\/1"}],"replies":[{"embeddable":true,"href":"https:\/\/www.zonguldakarge.com\/index.php?rest_route=%2Fwp%2Fv2%2Fcomments&post=81"}],"version-history":[{"count":2,"href":"https:\/\/www.zonguldakarge.com\/index.php?rest_route=\/wp\/v2\/pages\/81\/revisions"}],"predecessor-version":[{"id":96,"href":"https:\/\/www.zonguldakarge.com\/index.php?rest_route=\/wp\/v2\/pages\/81\/revisions\/96"}],"wp:attachment":[{"href":"https:\/\/www.zonguldakarge.com\/index.php?rest_route=%2Fwp%2Fv2%2Fmedia&parent=81"}],"curies":[{"name":"wp","href":"https:\/\/api.w.org\/{rel}","templated":true}]}}