{"id":72,"date":"2023-02-15T20:18:14","date_gmt":"2023-02-15T17:18:14","guid":{"rendered":"http:\/\/www.zonguldakarge.com\/?page_id=72"},"modified":"2024-11-12T14:51:02","modified_gmt":"2024-11-12T11:51:02","slug":"iletisim","status":"publish","type":"page","link":"https:\/\/www.zonguldakarge.com\/?page_id=72","title":{"rendered":"\u0130leti\u015fim"},"content":{"rendered":"\n<p class=\"has-large-font-size\"><strong>\u0130leti\u015fim<\/strong><\/p>\n\n\n\n<figure class=\"wp-block-table is-style-stripes\"><table class=\"table\"><tbody><tr><td>\u015eirket \u00dcnvan\u0131<\/td><td>Zonguldak Arge Yap\u0131 Malzemeleri Test Laboratuvar\u0131 Tic. Ltd. \u015eti.<\/td><\/tr><tr><td>Ofis Adres<\/td><td>Gazipa\u015fa Caddesi Eyican \u0130\u015fhan\u0131 Kat:4 Daire: 8 ZONGULDAK<\/td><\/tr><tr><td>Laboratuvar Adres<\/td><td>Karaelmas San.Sit. A3\/24 Merkez ZONGULDAK<\/td><\/tr><tr><td>Vergi Dairesi<\/td><td>KARAELMAS&nbsp;<\/td><\/tr><tr><td>Vergi Numaras\u0131<\/td><td>9980740229<\/td><\/tr><tr><td>Santral Numaras\u0131<\/td><td>0 372 230 00 00<\/td><\/tr><tr><td>Faks Numaras\u0131<\/td><td>0 372 230 00 01<\/td><\/tr><tr><td>Planlama Hatt\u0131<\/td><td>0 532 111 11 67<\/td><\/tr><tr><td>\u0130stek ve \u00d6neri Mail AdresiMuhasebe ve Mali \u0130\u015fler Mail AdresiKentsel D\u00f6n\u00fc\u015f\u00fcm Mail Adresi<\/td><td><a href=\"mailto:mail@zonguldakarge.com\">mail@zonguldakarge.com<\/a><br><a href=\"mailto:muhasebe@zonguldakarge.com\">muhasebe@zonguldakarge.com<\/a><br><a href=\"mailto:kentsel@zonguldakarge.com\">kentsel@zonguldakarge.com<\/a><\/td><\/tr><tr><td>Web Adresi<\/td><td><a href=\"http:\/\/www.zonguldakarge.com\/\">www.zonguldakarge.com<\/a><\/td><\/tr><\/tbody><\/table><\/figure>\n\n\n\n<p><\/p>\n","protected":false},"excerpt":{"rendered":"<p>\u0130leti\u015fim \u015eirket \u00dcnvan\u0131 Zonguldak Arge Yap\u0131 Malzemeleri Test Laboratuvar\u0131 Tic. Ltd. \u015eti. Ofis Adres Gazipa\u015fa Caddesi Eyican \u0130\u015fhan\u0131 Kat:4 Daire: 8 ZONGULDAK Laboratuvar Adres Karaelmas San.Sit. A3\/24 Merkez ZONGULDAK Vergi Dairesi KARAELMAS&nbsp; Vergi Numaras\u0131 9980740229 Santral Numaras\u0131 0 372 230 00 00 Faks Numaras\u0131 0 372 230 00 01 Planlama Hatt\u0131 0 532 111 11 &hellip; <a href=\"https:\/\/www.zonguldakarge.com\/?page_id=72\" class=\"more-link\">Continue reading<span class=\"screen-reader-text\"> &#8220;\u0130leti\u015fim&#8221;<\/span><\/a><\/p>\n","protected":false},"author":1,"featured_media":0,"parent":0,"menu_order":0,"comment_status":"closed","ping_status":"closed","template":"","meta":{"footnotes":""},"_links":{"self":[{"href":"https:\/\/www.zonguldakarge.com\/index.php?rest_route=\/wp\/v2\/pages\/72"}],"collection":[{"href":"https:\/\/www.zonguldakarge.com\/index.php?rest_route=\/wp\/v2\/pages"}],"about":[{"href":"https:\/\/www.zonguldakarge.com\/index.php?rest_route=\/wp\/v2\/types\/page"}],"author":[{"embeddable":true,"href":"https:\/\/www.zonguldakarge.com\/index.php?rest_route=\/wp\/v2\/users\/1"}],"replies":[{"embeddable":true,"href":"https:\/\/www.zonguldakarge.com\/index.php?rest_route=%2Fwp%2Fv2%2Fcomments&post=72"}],"version-history":[{"count":4,"href":"https:\/\/www.zonguldakarge.com\/index.php?rest_route=\/wp\/v2\/pages\/72\/revisions"}],"predecessor-version":[{"id":338,"href":"https:\/\/www.zonguldakarge.com\/index.php?rest_route=\/wp\/v2\/pages\/72\/revisions\/338"}],"wp:attachment":[{"href":"https:\/\/www.zonguldakarge.com\/index.php?rest_route=%2Fwp%2Fv2%2Fmedia&parent=72"}],"curies":[{"name":"wp","href":"https:\/\/api.w.org\/{rel}","templated":true}]}}