{"id":7,"date":"2023-02-14T20:46:10","date_gmt":"2023-02-14T17:46:10","guid":{"rendered":"http:\/\/www.zonguldakarge.com\/?page_id=7"},"modified":"2023-02-19T14:50:24","modified_gmt":"2023-02-19T11:50:24","slug":"ana-sayfa","status":"publish","type":"page","link":"https:\/\/www.zonguldakarge.com\/","title":{"rendered":"Ana Sayfa"},"content":{"rendered":"\n<div class=\"alignnormal\"><div id=\"metaslider-id-213\" style=\"max-width: 1400px; margin: 0 auto;\" class=\"ml-slider-3-28-3 metaslider metaslider-responsive metaslider-213 ml-slider\">\n    <div id=\"metaslider_container_213\">\n        <ul id='metaslider_213' class='rslides'>\n            <li><img loading=\"lazy\" decoding=\"async\" width=\"2000\" height=\"1328\" src=\"https:\/\/www.zonguldakarge.com\/wp-content\/uploads\/2023\/02\/12232779_1652875094950716_7126228281170406513_o.jpg\" class=\"slider-213 slide-214\" alt=\"\" rel=\"\" title=\"12232779_1652875094950716_7126228281170406513_o\" srcset=\"https:\/\/www.zonguldakarge.com\/wp-content\/uploads\/2023\/02\/12232779_1652875094950716_7126228281170406513_o.jpg 2000w, https:\/\/www.zonguldakarge.com\/wp-content\/uploads\/2023\/02\/12232779_1652875094950716_7126228281170406513_o-300x199.jpg 300w, https:\/\/www.zonguldakarge.com\/wp-content\/uploads\/2023\/02\/12232779_1652875094950716_7126228281170406513_o-1024x680.jpg 1024w, https:\/\/www.zonguldakarge.com\/wp-content\/uploads\/2023\/02\/12232779_1652875094950716_7126228281170406513_o-768x510.jpg 768w, https:\/\/www.zonguldakarge.com\/wp-content\/uploads\/2023\/02\/12232779_1652875094950716_7126228281170406513_o-1536x1020.jpg 1536w, https:\/\/www.zonguldakarge.com\/wp-content\/uploads\/2023\/02\/12232779_1652875094950716_7126228281170406513_o-1200x797.jpg 1200w\" sizes=\"(max-width: 2000px) 100vw, 2000px\" \/><\/li>\n            <li style='display: none;'><img loading=\"lazy\" decoding=\"async\" width=\"1280\" height=\"960\" src=\"https:\/\/www.zonguldakarge.com\/wp-content\/uploads\/2023\/02\/12291957_1652875158284043_1929124552636658942_o.jpg\" class=\"slider-213 slide-215\" alt=\"\" rel=\"\" title=\"12291957_1652875158284043_1929124552636658942_o\" srcset=\"https:\/\/www.zonguldakarge.com\/wp-content\/uploads\/2023\/02\/12291957_1652875158284043_1929124552636658942_o.jpg 1280w, https:\/\/www.zonguldakarge.com\/wp-content\/uploads\/2023\/02\/12291957_1652875158284043_1929124552636658942_o-300x225.jpg 300w, https:\/\/www.zonguldakarge.com\/wp-content\/uploads\/2023\/02\/12291957_1652875158284043_1929124552636658942_o-1024x768.jpg 1024w, https:\/\/www.zonguldakarge.com\/wp-content\/uploads\/2023\/02\/12291957_1652875158284043_1929124552636658942_o-768x576.jpg 768w, https:\/\/www.zonguldakarge.com\/wp-content\/uploads\/2023\/02\/12291957_1652875158284043_1929124552636658942_o-1200x900.jpg 1200w\" sizes=\"(max-width: 1280px) 100vw, 1280px\" \/><\/li>\n            <li style='display: none;'><img loading=\"lazy\" decoding=\"async\" width=\"1183\" height=\"733\" src=\"https:\/\/www.zonguldakarge.com\/wp-content\/uploads\/2023\/02\/12291297_1652875194950706_3114989052961941977_o.jpg\" class=\"slider-213 slide-216\" alt=\"\" rel=\"\" title=\"12291297_1652875194950706_3114989052961941977_o\" srcset=\"https:\/\/www.zonguldakarge.com\/wp-content\/uploads\/2023\/02\/12291297_1652875194950706_3114989052961941977_o.jpg 1183w, https:\/\/www.zonguldakarge.com\/wp-content\/uploads\/2023\/02\/12291297_1652875194950706_3114989052961941977_o-300x186.jpg 300w, https:\/\/www.zonguldakarge.com\/wp-content\/uploads\/2023\/02\/12291297_1652875194950706_3114989052961941977_o-1024x634.jpg 1024w, https:\/\/www.zonguldakarge.com\/wp-content\/uploads\/2023\/02\/12291297_1652875194950706_3114989052961941977_o-768x476.jpg 768w\" sizes=\"(max-width: 1183px) 100vw, 1183px\" \/><\/li>\n            <li style='display: none;'><img loading=\"lazy\" decoding=\"async\" width=\"1700\" height=\"708\" src=\"https:\/\/www.zonguldakarge.com\/wp-content\/uploads\/2023\/02\/slide_zarge.jpg\" class=\"slider-213 slide-231\" alt=\"\" rel=\"\" title=\"slide_zarge\" srcset=\"https:\/\/www.zonguldakarge.com\/wp-content\/uploads\/2023\/02\/slide_zarge.jpg 1700w, https:\/\/www.zonguldakarge.com\/wp-content\/uploads\/2023\/02\/slide_zarge-300x125.jpg 300w, https:\/\/www.zonguldakarge.com\/wp-content\/uploads\/2023\/02\/slide_zarge-1024x426.jpg 1024w, https:\/\/www.zonguldakarge.com\/wp-content\/uploads\/2023\/02\/slide_zarge-768x320.jpg 768w, https:\/\/www.zonguldakarge.com\/wp-content\/uploads\/2023\/02\/slide_zarge-1536x640.jpg 1536w, https:\/\/www.zonguldakarge.com\/wp-content\/uploads\/2023\/02\/slide_zarge-1200x500.jpg 1200w\" sizes=\"(max-width: 1700px) 100vw, 1700px\" \/><\/li>\n            <li style='display: none;'><img loading=\"lazy\" decoding=\"async\" width=\"2000\" height=\"1333\" src=\"https:\/\/www.zonguldakarge.com\/wp-content\/uploads\/2023\/02\/12291033_1652875868283972_4446164485131775836_o.jpg\" class=\"slider-213 slide-217\" alt=\"\" rel=\"\" title=\"12291033_1652875868283972_4446164485131775836_o\" srcset=\"https:\/\/www.zonguldakarge.com\/wp-content\/uploads\/2023\/02\/12291033_1652875868283972_4446164485131775836_o.jpg 2000w, https:\/\/www.zonguldakarge.com\/wp-content\/uploads\/2023\/02\/12291033_1652875868283972_4446164485131775836_o-300x200.jpg 300w, https:\/\/www.zonguldakarge.com\/wp-content\/uploads\/2023\/02\/12291033_1652875868283972_4446164485131775836_o-1024x682.jpg 1024w, https:\/\/www.zonguldakarge.com\/wp-content\/uploads\/2023\/02\/12291033_1652875868283972_4446164485131775836_o-768x512.jpg 768w, https:\/\/www.zonguldakarge.com\/wp-content\/uploads\/2023\/02\/12291033_1652875868283972_4446164485131775836_o-1536x1024.jpg 1536w, https:\/\/www.zonguldakarge.com\/wp-content\/uploads\/2023\/02\/12291033_1652875868283972_4446164485131775836_o-1200x800.jpg 1200w\" sizes=\"(max-width: 2000px) 100vw, 2000px\" \/><\/li>\n            <li style='display: none;'><img loading=\"lazy\" decoding=\"async\" width=\"1152\" height=\"2048\" src=\"https:\/\/www.zonguldakarge.com\/wp-content\/uploads\/2023\/02\/12291119_1652878798283679_725884451503813080_o.jpg\" class=\"slider-213 slide-218\" alt=\"\" rel=\"\" title=\"12291119_1652878798283679_725884451503813080_o\" srcset=\"https:\/\/www.zonguldakarge.com\/wp-content\/uploads\/2023\/02\/12291119_1652878798283679_725884451503813080_o.jpg 1152w, https:\/\/www.zonguldakarge.com\/wp-content\/uploads\/2023\/02\/12291119_1652878798283679_725884451503813080_o-169x300.jpg 169w, https:\/\/www.zonguldakarge.com\/wp-content\/uploads\/2023\/02\/12291119_1652878798283679_725884451503813080_o-576x1024.jpg 576w, https:\/\/www.zonguldakarge.com\/wp-content\/uploads\/2023\/02\/12291119_1652878798283679_725884451503813080_o-768x1365.jpg 768w, https:\/\/www.zonguldakarge.com\/wp-content\/uploads\/2023\/02\/12291119_1652878798283679_725884451503813080_o-864x1536.jpg 864w\" sizes=\"(max-width: 1152px) 100vw, 1152px\" \/><\/li>\n            <li style='display: none;'><img loading=\"lazy\" decoding=\"async\" width=\"1600\" height=\"1065\" src=\"https:\/\/www.zonguldakarge.com\/wp-content\/uploads\/2023\/02\/13925555_1738571766381048_1541510445838643826_o.jpg\" class=\"slider-213 slide-219\" alt=\"\" rel=\"\" title=\"13925555_1738571766381048_1541510445838643826_o\" srcset=\"https:\/\/www.zonguldakarge.com\/wp-content\/uploads\/2023\/02\/13925555_1738571766381048_1541510445838643826_o.jpg 1600w, https:\/\/www.zonguldakarge.com\/wp-content\/uploads\/2023\/02\/13925555_1738571766381048_1541510445838643826_o-300x200.jpg 300w, https:\/\/www.zonguldakarge.com\/wp-content\/uploads\/2023\/02\/13925555_1738571766381048_1541510445838643826_o-1024x682.jpg 1024w, https:\/\/www.zonguldakarge.com\/wp-content\/uploads\/2023\/02\/13925555_1738571766381048_1541510445838643826_o-768x511.jpg 768w, https:\/\/www.zonguldakarge.com\/wp-content\/uploads\/2023\/02\/13925555_1738571766381048_1541510445838643826_o-1536x1022.jpg 1536w, https:\/\/www.zonguldakarge.com\/wp-content\/uploads\/2023\/02\/13925555_1738571766381048_1541510445838643826_o-1200x799.jpg 1200w\" sizes=\"(max-width: 1600px) 100vw, 1600px\" \/><\/li>\n            <li style='display: none;'><img loading=\"lazy\" decoding=\"async\" width=\"1920\" height=\"1005\" src=\"https:\/\/www.zonguldakarge.com\/wp-content\/uploads\/2023\/02\/40313573_2109019542669600_9171956588217368576_n.jpg\" class=\"slider-213 slide-220\" alt=\"\" rel=\"\" title=\"40313573_2109019542669600_9171956588217368576_n\" srcset=\"https:\/\/www.zonguldakarge.com\/wp-content\/uploads\/2023\/02\/40313573_2109019542669600_9171956588217368576_n.jpg 1920w, https:\/\/www.zonguldakarge.com\/wp-content\/uploads\/2023\/02\/40313573_2109019542669600_9171956588217368576_n-300x157.jpg 300w, https:\/\/www.zonguldakarge.com\/wp-content\/uploads\/2023\/02\/40313573_2109019542669600_9171956588217368576_n-1024x536.jpg 1024w, https:\/\/www.zonguldakarge.com\/wp-content\/uploads\/2023\/02\/40313573_2109019542669600_9171956588217368576_n-768x402.jpg 768w, https:\/\/www.zonguldakarge.com\/wp-content\/uploads\/2023\/02\/40313573_2109019542669600_9171956588217368576_n-1536x804.jpg 1536w, https:\/\/www.zonguldakarge.com\/wp-content\/uploads\/2023\/02\/40313573_2109019542669600_9171956588217368576_n-1200x628.jpg 1200w\" sizes=\"(max-width: 1920px) 100vw, 1920px\" \/><\/li>\n            <li style='display: none;'><img loading=\"lazy\" decoding=\"async\" width=\"2048\" height=\"1832\" src=\"https:\/\/www.zonguldakarge.com\/wp-content\/uploads\/2023\/02\/291774430_3094004150837796_7743535144166694869_n.jpg\" class=\"slider-213 slide-221\" alt=\"\" rel=\"\" title=\"291774430_3094004150837796_7743535144166694869_n\" srcset=\"https:\/\/www.zonguldakarge.com\/wp-content\/uploads\/2023\/02\/291774430_3094004150837796_7743535144166694869_n.jpg 2048w, https:\/\/www.zonguldakarge.com\/wp-content\/uploads\/2023\/02\/291774430_3094004150837796_7743535144166694869_n-300x268.jpg 300w, https:\/\/www.zonguldakarge.com\/wp-content\/uploads\/2023\/02\/291774430_3094004150837796_7743535144166694869_n-1024x916.jpg 1024w, https:\/\/www.zonguldakarge.com\/wp-content\/uploads\/2023\/02\/291774430_3094004150837796_7743535144166694869_n-768x687.jpg 768w, https:\/\/www.zonguldakarge.com\/wp-content\/uploads\/2023\/02\/291774430_3094004150837796_7743535144166694869_n-1536x1374.jpg 1536w, https:\/\/www.zonguldakarge.com\/wp-content\/uploads\/2023\/02\/291774430_3094004150837796_7743535144166694869_n-1200x1073.jpg 1200w\" sizes=\"(max-width: 2048px) 100vw, 2048px\" \/><\/li>\n            <li style='display: none;'><img loading=\"lazy\" decoding=\"async\" width=\"960\" height=\"847\" src=\"https:\/\/www.zonguldakarge.com\/wp-content\/uploads\/2023\/02\/279043209_3043637619207783_563436369714992345_n.jpg\" class=\"slider-213 slide-222\" alt=\"\" rel=\"\" title=\"279043209_3043637619207783_563436369714992345_n\" srcset=\"https:\/\/www.zonguldakarge.com\/wp-content\/uploads\/2023\/02\/279043209_3043637619207783_563436369714992345_n.jpg 960w, https:\/\/www.zonguldakarge.com\/wp-content\/uploads\/2023\/02\/279043209_3043637619207783_563436369714992345_n-300x265.jpg 300w, https:\/\/www.zonguldakarge.com\/wp-content\/uploads\/2023\/02\/279043209_3043637619207783_563436369714992345_n-768x678.jpg 768w\" sizes=\"(max-width: 960px) 100vw, 960px\" \/><\/li>\n            <li style='display: none;'><img loading=\"lazy\" decoding=\"async\" width=\"1440\" height=\"1080\" src=\"https:\/\/www.zonguldakarge.com\/wp-content\/uploads\/2023\/02\/41682392_2115874188650802_7246284718038056960_n.jpg\" class=\"slider-213 slide-223\" alt=\"\" rel=\"\" title=\"41682392_2115874188650802_7246284718038056960_n\" srcset=\"https:\/\/www.zonguldakarge.com\/wp-content\/uploads\/2023\/02\/41682392_2115874188650802_7246284718038056960_n.jpg 1440w, https:\/\/www.zonguldakarge.com\/wp-content\/uploads\/2023\/02\/41682392_2115874188650802_7246284718038056960_n-300x225.jpg 300w, https:\/\/www.zonguldakarge.com\/wp-content\/uploads\/2023\/02\/41682392_2115874188650802_7246284718038056960_n-1024x768.jpg 1024w, https:\/\/www.zonguldakarge.com\/wp-content\/uploads\/2023\/02\/41682392_2115874188650802_7246284718038056960_n-768x576.jpg 768w, https:\/\/www.zonguldakarge.com\/wp-content\/uploads\/2023\/02\/41682392_2115874188650802_7246284718038056960_n-1200x900.jpg 1200w\" sizes=\"(max-width: 1440px) 100vw, 1440px\" \/><\/li>\n            <li style='display: none;'><img loading=\"lazy\" decoding=\"async\" width=\"960\" height=\"719\" src=\"https:\/\/www.zonguldakarge.com\/wp-content\/uploads\/2023\/02\/323450271_1365466570872190_6112081190675144296_n.jpg\" class=\"slider-213 slide-224\" alt=\"\" rel=\"\" title=\"323450271_1365466570872190_6112081190675144296_n\" srcset=\"https:\/\/www.zonguldakarge.com\/wp-content\/uploads\/2023\/02\/323450271_1365466570872190_6112081190675144296_n.jpg 960w, https:\/\/www.zonguldakarge.com\/wp-content\/uploads\/2023\/02\/323450271_1365466570872190_6112081190675144296_n-300x225.jpg 300w, https:\/\/www.zonguldakarge.com\/wp-content\/uploads\/2023\/02\/323450271_1365466570872190_6112081190675144296_n-768x575.jpg 768w\" sizes=\"(max-width: 960px) 100vw, 960px\" \/><\/li>\n            <li style='display: none;'><img loading=\"lazy\" decoding=\"async\" width=\"2048\" height=\"1152\" src=\"https:\/\/www.zonguldakarge.com\/wp-content\/uploads\/2023\/02\/306001938_427085019408934_2555919382364672749_n.jpg\" class=\"slider-213 slide-225\" alt=\"\" rel=\"\" title=\"306001938_427085019408934_2555919382364672749_n\" srcset=\"https:\/\/www.zonguldakarge.com\/wp-content\/uploads\/2023\/02\/306001938_427085019408934_2555919382364672749_n.jpg 2048w, https:\/\/www.zonguldakarge.com\/wp-content\/uploads\/2023\/02\/306001938_427085019408934_2555919382364672749_n-300x169.jpg 300w, https:\/\/www.zonguldakarge.com\/wp-content\/uploads\/2023\/02\/306001938_427085019408934_2555919382364672749_n-1024x576.jpg 1024w, https:\/\/www.zonguldakarge.com\/wp-content\/uploads\/2023\/02\/306001938_427085019408934_2555919382364672749_n-768x432.jpg 768w, https:\/\/www.zonguldakarge.com\/wp-content\/uploads\/2023\/02\/306001938_427085019408934_2555919382364672749_n-1536x864.jpg 1536w, https:\/\/www.zonguldakarge.com\/wp-content\/uploads\/2023\/02\/306001938_427085019408934_2555919382364672749_n-1200x675.jpg 1200w\" sizes=\"(max-width: 2048px) 100vw, 2048px\" \/><\/li>\n            <li style='display: none;'><img loading=\"lazy\" decoding=\"async\" width=\"1024\" height=\"1024\" src=\"https:\/\/www.zonguldakarge.com\/wp-content\/uploads\/2024\/11\/WhatsApp-Image-2024-11-11-at-12.24.28.jpeg\" class=\"slider-213 slide-345\" alt=\"\" rel=\"\" title=\"WhatsApp Image 2024-11-11 at 12.24.28\" srcset=\"https:\/\/www.zonguldakarge.com\/wp-content\/uploads\/2024\/11\/WhatsApp-Image-2024-11-11-at-12.24.28.jpeg 1024w, https:\/\/www.zonguldakarge.com\/wp-content\/uploads\/2024\/11\/WhatsApp-Image-2024-11-11-at-12.24.28-300x300.jpeg 300w, https:\/\/www.zonguldakarge.com\/wp-content\/uploads\/2024\/11\/WhatsApp-Image-2024-11-11-at-12.24.28-150x150.jpeg 150w, https:\/\/www.zonguldakarge.com\/wp-content\/uploads\/2024\/11\/WhatsApp-Image-2024-11-11-at-12.24.28-768x768.jpeg 768w\" sizes=\"(max-width: 1024px) 100vw, 1024px\" \/><\/li>\n            <li style='display: none;'><img loading=\"lazy\" decoding=\"async\" width=\"1024\" height=\"1024\" src=\"https:\/\/www.zonguldakarge.com\/wp-content\/uploads\/2024\/11\/WhatsApp-Image-2024-11-11-at-12.24.28-1.jpeg\" class=\"slider-213 slide-346\" alt=\"\" rel=\"\" title=\"WhatsApp Image 2024-11-11 at 12.24.28 (1)\" srcset=\"https:\/\/www.zonguldakarge.com\/wp-content\/uploads\/2024\/11\/WhatsApp-Image-2024-11-11-at-12.24.28-1.jpeg 1024w, https:\/\/www.zonguldakarge.com\/wp-content\/uploads\/2024\/11\/WhatsApp-Image-2024-11-11-at-12.24.28-1-300x300.jpeg 300w, https:\/\/www.zonguldakarge.com\/wp-content\/uploads\/2024\/11\/WhatsApp-Image-2024-11-11-at-12.24.28-1-150x150.jpeg 150w, https:\/\/www.zonguldakarge.com\/wp-content\/uploads\/2024\/11\/WhatsApp-Image-2024-11-11-at-12.24.28-1-768x768.jpeg 768w\" sizes=\"(max-width: 1024px) 100vw, 1024px\" \/><\/li>\n            <li style='display: none;'><img loading=\"lazy\" decoding=\"async\" width=\"1024\" height=\"1024\" src=\"https:\/\/www.zonguldakarge.com\/wp-content\/uploads\/2024\/11\/WhatsApp-Image-2024-11-11-at-12.24.28-2.jpeg\" class=\"slider-213 slide-347\" alt=\"\" rel=\"\" title=\"WhatsApp Image 2024-11-11 at 12.24.28 (2)\" srcset=\"https:\/\/www.zonguldakarge.com\/wp-content\/uploads\/2024\/11\/WhatsApp-Image-2024-11-11-at-12.24.28-2.jpeg 1024w, https:\/\/www.zonguldakarge.com\/wp-content\/uploads\/2024\/11\/WhatsApp-Image-2024-11-11-at-12.24.28-2-300x300.jpeg 300w, https:\/\/www.zonguldakarge.com\/wp-content\/uploads\/2024\/11\/WhatsApp-Image-2024-11-11-at-12.24.28-2-150x150.jpeg 150w, https:\/\/www.zonguldakarge.com\/wp-content\/uploads\/2024\/11\/WhatsApp-Image-2024-11-11-at-12.24.28-2-768x768.jpeg 768w\" sizes=\"(max-width: 1024px) 100vw, 1024px\" \/><\/li>\n            <li style='display: none;'><img loading=\"lazy\" decoding=\"async\" width=\"1024\" height=\"1024\" src=\"https:\/\/www.zonguldakarge.com\/wp-content\/uploads\/2024\/11\/WhatsApp-Image-2024-11-11-at-12.24.29.jpeg\" class=\"slider-213 slide-348\" alt=\"\" rel=\"\" title=\"WhatsApp Image 2024-11-11 at 12.24.29\" srcset=\"https:\/\/www.zonguldakarge.com\/wp-content\/uploads\/2024\/11\/WhatsApp-Image-2024-11-11-at-12.24.29.jpeg 1024w, https:\/\/www.zonguldakarge.com\/wp-content\/uploads\/2024\/11\/WhatsApp-Image-2024-11-11-at-12.24.29-300x300.jpeg 300w, https:\/\/www.zonguldakarge.com\/wp-content\/uploads\/2024\/11\/WhatsApp-Image-2024-11-11-at-12.24.29-150x150.jpeg 150w, https:\/\/www.zonguldakarge.com\/wp-content\/uploads\/2024\/11\/WhatsApp-Image-2024-11-11-at-12.24.29-768x768.jpeg 768w\" sizes=\"(max-width: 1024px) 100vw, 1024px\" \/><\/li>\n            <li style='display: none;'><img loading=\"lazy\" decoding=\"async\" width=\"1024\" height=\"1024\" src=\"https:\/\/www.zonguldakarge.com\/wp-content\/uploads\/2024\/11\/WhatsApp-Image-2024-11-11-at-12.24.29-1.jpeg\" class=\"slider-213 slide-349\" alt=\"\" rel=\"\" title=\"WhatsApp Image 2024-11-11 at 12.24.29 (1)\" srcset=\"https:\/\/www.zonguldakarge.com\/wp-content\/uploads\/2024\/11\/WhatsApp-Image-2024-11-11-at-12.24.29-1.jpeg 1024w, https:\/\/www.zonguldakarge.com\/wp-content\/uploads\/2024\/11\/WhatsApp-Image-2024-11-11-at-12.24.29-1-300x300.jpeg 300w, https:\/\/www.zonguldakarge.com\/wp-content\/uploads\/2024\/11\/WhatsApp-Image-2024-11-11-at-12.24.29-1-150x150.jpeg 150w, https:\/\/www.zonguldakarge.com\/wp-content\/uploads\/2024\/11\/WhatsApp-Image-2024-11-11-at-12.24.29-1-768x768.jpeg 768w\" sizes=\"(max-width: 1024px) 100vw, 1024px\" \/><\/li>\n        <\/ul>\n        \n    <\/div>\n<\/div><\/div>\n\n\n\n<p class=\"has-text-align-center has-medium-font-size\"><strong><mark style=\"background-color:rgba(0, 0, 0, 0)\" class=\"has-inline-color has-luminous-vivid-orange-color\">&#8220;Yap\u0131lar\u0131m\u0131z\u0131n G\u00fcvenli\u011fi i\u00e7in \u00c7al\u0131\u015fan Aktredite, Lisansl\u0131 ve Tescilli Bir Yap\u0131 Laboratuvar\u0131 Firmas\u0131y\u0131z.&#8221;<\/mark><\/strong><\/p>\n\n\n\n<figure class=\"wp-block-table is-style-stripes\"><table class=\"table\" class=\"table\"><tbody><tr><td class=\"has-text-align-center\" data-align=\"center\"><img loading=\"lazy\" decoding=\"async\" width=\"233\" height=\"200\" class=\"wp-image-52\" style=\"width: 233px;\" src=\"http:\/\/www.zonguldakarge.com\/wp-content\/uploads\/2023\/02\/risk.jpg\" alt=\"\" srcset=\"https:\/\/www.zonguldakarge.com\/wp-content\/uploads\/2023\/02\/risk.jpg 233w, https:\/\/www.zonguldakarge.com\/wp-content\/uploads\/2023\/02\/risk-170x146.jpg 170w, https:\/\/www.zonguldakarge.com\/wp-content\/uploads\/2023\/02\/risk-50x43.jpg 50w, https:\/\/www.zonguldakarge.com\/wp-content\/uploads\/2023\/02\/risk-82x70.jpg 82w\" sizes=\"(max-width: 233px) 100vw, 233px\" \/><\/td><td><a href=\"http:\/\/www.zonguldakarge.com\/wp-content\/uploads\/2023\/02\/webmenu8291.pdf\" target=\"_blank\" rel=\"noreferrer noopener\"><img loading=\"lazy\" decoding=\"async\" width=\"290\" height=\"249\" class=\"wp-image-57\" style=\"width: 233px;\" src=\"http:\/\/www.zonguldakarge.com\/wp-content\/uploads\/2023\/02\/50soru.jpg\" alt=\"\" srcset=\"https:\/\/www.zonguldakarge.com\/wp-content\/uploads\/2023\/02\/50soru.jpg 290w, https:\/\/www.zonguldakarge.com\/wp-content\/uploads\/2023\/02\/50soru-170x146.jpg 170w, https:\/\/www.zonguldakarge.com\/wp-content\/uploads\/2023\/02\/50soru-50x43.jpg 50w, https:\/\/www.zonguldakarge.com\/wp-content\/uploads\/2023\/02\/50soru-82x70.jpg 82w\" sizes=\"(max-width: 290px) 100vw, 290px\" \/><\/a><\/td><td><img loading=\"lazy\" decoding=\"async\" width=\"266\" height=\"248\" class=\"wp-image-63\" style=\"width: 233px;\" src=\"http:\/\/www.zonguldakarge.com\/wp-content\/uploads\/2023\/02\/tse.jpg\" alt=\"\" srcset=\"https:\/\/www.zonguldakarge.com\/wp-content\/uploads\/2023\/02\/tse.jpg 266w, https:\/\/www.zonguldakarge.com\/wp-content\/uploads\/2023\/02\/tse-157x146.jpg 157w, https:\/\/www.zonguldakarge.com\/wp-content\/uploads\/2023\/02\/tse-50x47.jpg 50w, https:\/\/www.zonguldakarge.com\/wp-content\/uploads\/2023\/02\/tse-75x70.jpg 75w\" sizes=\"(max-width: 266px) 100vw, 266px\" \/><\/td><td><img loading=\"lazy\" decoding=\"async\" width=\"1500\" height=\"1200\" class=\"wp-image-51\" style=\"width: 233px;\" src=\"http:\/\/www.zonguldakarge.com\/wp-content\/uploads\/2023\/02\/KNT_B.jpg\" alt=\"\" srcset=\"https:\/\/www.zonguldakarge.com\/wp-content\/uploads\/2023\/02\/KNT_B.jpg 1500w, https:\/\/www.zonguldakarge.com\/wp-content\/uploads\/2023\/02\/KNT_B-300x240.jpg 300w, https:\/\/www.zonguldakarge.com\/wp-content\/uploads\/2023\/02\/KNT_B-1024x819.jpg 1024w, https:\/\/www.zonguldakarge.com\/wp-content\/uploads\/2023\/02\/KNT_B-768x614.jpg 768w, https:\/\/www.zonguldakarge.com\/wp-content\/uploads\/2023\/02\/KNT_B-183x146.jpg 183w, https:\/\/www.zonguldakarge.com\/wp-content\/uploads\/2023\/02\/KNT_B-50x40.jpg 50w, https:\/\/www.zonguldakarge.com\/wp-content\/uploads\/2023\/02\/KNT_B-88x70.jpg 88w\" sizes=\"(max-width: 1500px) 100vw, 1500px\" \/><\/td><\/tr><\/tbody><\/table><\/figure>\n\n\n\n<figure class=\"wp-block-table is-style-stripes\"><table class=\"table\" class=\"table\"><tbody><tr><td><a rel=\"noreferrer noopener\" href=\"http:\/\/www.zonguldakarge.com\/wp-content\/uploads\/2023\/02\/deprem_harita.pdf\" data-type=\"URL\" data-id=\"http:\/\/www.zonguldakarge.com\/wp-content\/uploads\/2023\/02\/deprem_harita.pdf\" target=\"_blank\"><img loading=\"lazy\" decoding=\"async\" width=\"870\" height=\"570\" class=\"wp-image-68\" style=\"width: 700px;\" src=\"http:\/\/www.zonguldakarge.com\/wp-content\/uploads\/2023\/02\/depharita1.gif\" alt=\"\"><\/a><\/td><td><img loading=\"lazy\" decoding=\"async\" width=\"1500\" height=\"903\" class=\"wp-image-207\" style=\"width: 750px;\" src=\"http:\/\/www.zonguldakarge.com\/wp-content\/uploads\/2023\/02\/footer_2.jpg\" alt=\"\" srcset=\"https:\/\/www.zonguldakarge.com\/wp-content\/uploads\/2023\/02\/footer_2.jpg 1500w, https:\/\/www.zonguldakarge.com\/wp-content\/uploads\/2023\/02\/footer_2-300x181.jpg 300w, https:\/\/www.zonguldakarge.com\/wp-content\/uploads\/2023\/02\/footer_2-1024x616.jpg 1024w, https:\/\/www.zonguldakarge.com\/wp-content\/uploads\/2023\/02\/footer_2-768x462.jpg 768w, https:\/\/www.zonguldakarge.com\/wp-content\/uploads\/2023\/02\/footer_2-1200x722.jpg 1200w\" sizes=\"(max-width: 1500px) 100vw, 1500px\" \/><\/td><\/tr><\/tbody><\/table><\/figure>\n","protected":false},"excerpt":{"rendered":"<p>&#8220;Yap\u0131lar\u0131m\u0131z\u0131n G\u00fcvenli\u011fi i\u00e7in \u00c7al\u0131\u015fan Aktredite, Lisansl\u0131 ve Tescilli Bir Yap\u0131 Laboratuvar\u0131 Firmas\u0131y\u0131z.&#8221;<\/p>\n","protected":false},"author":1,"featured_media":0,"parent":0,"menu_order":0,"comment_status":"closed","ping_status":"closed","template":"","meta":{"footnotes":""},"_links":{"self":[{"href":"https:\/\/www.zonguldakarge.com\/index.php?rest_route=\/wp\/v2\/pages\/7"}],"collection":[{"href":"https:\/\/www.zonguldakarge.com\/index.php?rest_route=\/wp\/v2\/pages"}],"about":[{"href":"https:\/\/www.zonguldakarge.com\/index.php?rest_route=\/wp\/v2\/types\/page"}],"author":[{"embeddable":true,"href":"https:\/\/www.zonguldakarge.com\/index.php?rest_route=\/wp\/v2\/users\/1"}],"replies":[{"embeddable":true,"href":"https:\/\/www.zonguldakarge.com\/index.php?rest_route=%2Fwp%2Fv2%2Fcomments&post=7"}],"version-history":[{"count":34,"href":"https:\/\/www.zonguldakarge.com\/index.php?rest_route=\/wp\/v2\/pages\/7\/revisions"}],"predecessor-version":[{"id":229,"href":"https:\/\/www.zonguldakarge.com\/index.php?rest_route=\/wp\/v2\/pages\/7\/revisions\/229"}],"wp:attachment":[{"href":"https:\/\/www.zonguldakarge.com\/index.php?rest_route=%2Fwp%2Fv2%2Fmedia&parent=7"}],"curies":[{"name":"wp","href":"https:\/\/api.w.org\/{rel}","templated":true}]}}