{"id":306,"date":"2023-02-20T21:36:58","date_gmt":"2023-02-20T18:36:58","guid":{"rendered":"http:\/\/www.zonguldakarge.com\/?page_id=306"},"modified":"2023-02-20T21:41:37","modified_gmt":"2023-02-20T18:41:37","slug":"riskli-yapi-sureci","status":"publish","type":"page","link":"https:\/\/www.zonguldakarge.com\/?page_id=306","title":{"rendered":"Riskli Yap\u0131 S\u00fcreci"},"content":{"rendered":"\n<p class=\"has-large-font-size\">Riskli Yap\u0131 S\u00fcreci<\/p>\n\n\n<div class=\"wp-block-image\">\n<figure class=\"aligncenter size-full is-resized\"><img loading=\"lazy\" decoding=\"async\" src=\"http:\/\/www.zonguldakarge.com\/wp-content\/uploads\/2023\/02\/rys-20220125112726.jpg\" alt=\"\" class=\"wp-image-307\" width=\"840\" height=\"350\" srcset=\"https:\/\/www.zonguldakarge.com\/wp-content\/uploads\/2023\/02\/rys-20220125112726.jpg 862w, https:\/\/www.zonguldakarge.com\/wp-content\/uploads\/2023\/02\/rys-20220125112726-300x125.jpg 300w, https:\/\/www.zonguldakarge.com\/wp-content\/uploads\/2023\/02\/rys-20220125112726-768x321.jpg 768w\" sizes=\"(max-width: 840px) 100vw, 840px\" \/><\/figure><\/div>\n\n\n<p class=\"has-text-align-center has-medium-font-size\"><a href=\"https:\/\/altyapi.csb.gov.tr\/riskli-yapi-sureci-i-104285\" target=\"_blank\" rel=\"noreferrer noopener\">Detayl\u0131 Bilgi i\u00e7in T\u0131klay\u0131n\u0131z<\/a><\/p>\n","protected":false},"excerpt":{"rendered":"<p>Riskli Yap\u0131 S\u00fcreci Detayl\u0131 Bilgi i\u00e7in T\u0131klay\u0131n\u0131z<\/p>\n","protected":false},"author":1,"featured_media":0,"parent":0,"menu_order":0,"comment_status":"closed","ping_status":"closed","template":"","meta":{"footnotes":""},"_links":{"self":[{"href":"https:\/\/www.zonguldakarge.com\/index.php?rest_route=\/wp\/v2\/pages\/306"}],"collection":[{"href":"https:\/\/www.zonguldakarge.com\/index.php?rest_route=\/wp\/v2\/pages"}],"about":[{"href":"https:\/\/www.zonguldakarge.com\/index.php?rest_route=\/wp\/v2\/types\/page"}],"author":[{"embeddable":true,"href":"https:\/\/www.zonguldakarge.com\/index.php?rest_route=\/wp\/v2\/users\/1"}],"replies":[{"embeddable":true,"href":"https:\/\/www.zonguldakarge.com\/index.php?rest_route=%2Fwp%2Fv2%2Fcomments&post=306"}],"version-history":[{"count":4,"href":"https:\/\/www.zonguldakarge.com\/index.php?rest_route=\/wp\/v2\/pages\/306\/revisions"}],"predecessor-version":[{"id":314,"href":"https:\/\/www.zonguldakarge.com\/index.php?rest_route=\/wp\/v2\/pages\/306\/revisions\/314"}],"wp:attachment":[{"href":"https:\/\/www.zonguldakarge.com\/index.php?rest_route=%2Fwp%2Fv2%2Fmedia&parent=306"}],"curies":[{"name":"wp","href":"https:\/\/api.w.org\/{rel}","templated":true}]}}