{"id":303,"date":"2023-02-20T21:32:40","date_gmt":"2023-02-20T18:32:40","guid":{"rendered":"http:\/\/www.zonguldakarge.com\/?page_id=303"},"modified":"2023-02-20T21:32:43","modified_gmt":"2023-02-20T18:32:43","slug":"kentsel-donusum-sureci-2-3-4-3-12","status":"publish","type":"page","link":"https:\/\/www.zonguldakarge.com\/?page_id=303","title":{"rendered":"6306 Say\u0131l\u0131 Kanun Kapsam\u0131nda Protokol Yap\u0131lm\u0131\u015f Bankalar"},"content":{"rendered":"\n<p class=\"has-large-font-size\"><strong>6306 Say\u0131l\u0131 Kanun Kapsam\u0131nda Protokol Yap\u0131lm\u0131\u015f Bankalar<\/strong><\/p>\n\n\n\n<p><strong>6306 say\u0131l\u0131 &#8220;Afet Riski Alt\u0131ndaki Alanlar\u0131n D\u00f6n\u00fc\u015ft\u00fcr\u00fclmesi Hakk\u0131nda Kanun&#8221; kapsam\u0131nda hak sahiplerince bankalardan kullan\u0131lacak kredilerde sa\u011flanacak faiz deste\u011fine ili\u015fkin&nbsp;Bakanl\u0131\u011f\u0131m\u0131z ile&nbsp;protokol imzalayan&nbsp;Bankalar a\u015fa\u011f\u0131da s\u0131ralanm\u0131\u015ft\u0131r:<\/strong><\/p>\n\n\n\n<p><strong>1<\/strong>&#8211; AKBANK T.A.\u015e.<\/p>\n\n\n\n<p><strong>2<\/strong>&#8211; ALBARAKA T\u00dcRK KATILIM BANKASI A.\u015e.<\/p>\n\n\n\n<p><strong>3<\/strong>-ALTERNAT\u0130F BANK A.\u015e.<\/p>\n\n\n\n<p><strong>4<\/strong>-DEN\u0130ZBANK A.\u015e.<\/p>\n\n\n\n<p><strong>5<\/strong>-QNB F\u0130NANSBANK A.\u015e.<\/p>\n\n\n\n<p><strong>6<\/strong>-T\u00dcRK\u0130YE GARANT\u0130 BANKASI A.\u015e.<\/p>\n\n\n\n<p><strong>7<\/strong>-T\u00dcRK\u0130YE HALK BANKASI A.\u015e.<\/p>\n\n\n\n<p><strong>8<\/strong>-ING BANK A.\u015e.<\/p>\n\n\n\n<p><strong>9<\/strong>-KUVEYT T\u00dcRK KATILIM BANKASI A.\u015e.<\/p>\n\n\n\n<p><strong>10<\/strong>-T\u00dcRK EKONOM\u0130 BANKASI A.\u015e.<\/p>\n\n\n\n<p><strong>11<\/strong>-T\u00dcRK\u0130YE EMLAK KATILIM BANKASI A.\u015e.<\/p>\n\n\n\n<p><strong>12<\/strong>-T\u00dcRK\u0130YE F\u0130NANS KATILIM BANKASI A.\u015e.<\/p>\n\n\n\n<p><strong>13<\/strong>-T\u00dcRK\u0130YE \u0130\u015e BANKASI A.\u015e.<\/p>\n\n\n\n<p><strong>14<\/strong>-\u015eEKERBANK T.A.\u015e.<\/p>\n\n\n\n<p><strong>15<\/strong>-T\u00dcRK\u0130YE VAKIFLAR BANKASI T.A.O<\/p>\n\n\n\n<p><strong>16<\/strong>-YAPI VE KRED\u0130 BANKASI A.\u015e.<\/p>\n\n\n\n<p><strong>17<\/strong>-T.C. Z\u0130RAAT BANKASI A.\u015e.<\/p>\n\n\n\n<p><strong>18<\/strong>-Z\u0130RAAT KATILIM BANKASI A.\u015e<\/p>\n\n\n<p><\/p>\n","protected":false},"excerpt":{"rendered":"<p>6306 Say\u0131l\u0131 Kanun Kapsam\u0131nda Protokol Yap\u0131lm\u0131\u015f Bankalar 6306 say\u0131l\u0131 &#8220;Afet Riski Alt\u0131ndaki Alanlar\u0131n D\u00f6n\u00fc\u015ft\u00fcr\u00fclmesi Hakk\u0131nda Kanun&#8221; kapsam\u0131nda hak sahiplerince bankalardan kullan\u0131lacak kredilerde sa\u011flanacak faiz deste\u011fine ili\u015fkin&nbsp;Bakanl\u0131\u011f\u0131m\u0131z ile&nbsp;protokol imzalayan&nbsp;Bankalar a\u015fa\u011f\u0131da s\u0131ralanm\u0131\u015ft\u0131r: 1&#8211; AKBANK T.A.\u015e. 2&#8211; ALBARAKA T\u00dcRK KATILIM BANKASI A.\u015e. 3-ALTERNAT\u0130F BANK A.\u015e. 4-DEN\u0130ZBANK A.\u015e. 5-QNB F\u0130NANSBANK A.\u015e. 6-T\u00dcRK\u0130YE GARANT\u0130 BANKASI A.\u015e. 7-T\u00dcRK\u0130YE HALK BANKASI A.\u015e. &hellip; <a href=\"https:\/\/www.zonguldakarge.com\/?page_id=303\" class=\"more-link\">Continue reading<span class=\"screen-reader-text\"> &#8220;6306 Say\u0131l\u0131 Kanun Kapsam\u0131nda Protokol Yap\u0131lm\u0131\u015f Bankalar&#8221;<\/span><\/a><\/p>\n","protected":false},"author":1,"featured_media":0,"parent":0,"menu_order":0,"comment_status":"closed","ping_status":"closed","template":"","meta":{"footnotes":""},"_links":{"self":[{"href":"https:\/\/www.zonguldakarge.com\/index.php?rest_route=\/wp\/v2\/pages\/303"}],"collection":[{"href":"https:\/\/www.zonguldakarge.com\/index.php?rest_route=\/wp\/v2\/pages"}],"about":[{"href":"https:\/\/www.zonguldakarge.com\/index.php?rest_route=\/wp\/v2\/types\/page"}],"author":[{"embeddable":true,"href":"https:\/\/www.zonguldakarge.com\/index.php?rest_route=\/wp\/v2\/users\/1"}],"replies":[{"embeddable":true,"href":"https:\/\/www.zonguldakarge.com\/index.php?rest_route=%2Fwp%2Fv2%2Fcomments&post=303"}],"version-history":[{"count":1,"href":"https:\/\/www.zonguldakarge.com\/index.php?rest_route=\/wp\/v2\/pages\/303\/revisions"}],"predecessor-version":[{"id":304,"href":"https:\/\/www.zonguldakarge.com\/index.php?rest_route=\/wp\/v2\/pages\/303\/revisions\/304"}],"wp:attachment":[{"href":"https:\/\/www.zonguldakarge.com\/index.php?rest_route=%2Fwp%2Fv2%2Fmedia&parent=303"}],"curies":[{"name":"wp","href":"https:\/\/api.w.org\/{rel}","templated":true}]}}