{"id":299,"date":"2023-02-20T11:14:56","date_gmt":"2023-02-20T08:14:56","guid":{"rendered":"http:\/\/www.zonguldakarge.com\/?page_id=299"},"modified":"2023-02-20T11:14:57","modified_gmt":"2023-02-20T08:14:57","slug":"kariyer-politika-ve-uygulamalarimiz","status":"publish","type":"page","link":"https:\/\/www.zonguldakarge.com\/?page_id=299","title":{"rendered":"Kariyer Politika ve Uygulamalar\u0131m\u0131z"},"content":{"rendered":"\n<p class=\"has-large-font-size\">Kariyer Politika ve Uygulamalar\u0131m\u0131z<\/p>\n\n\n\n<p>\u015eirketimizin insan kaynaklar\u0131 politikas\u0131 ve bu alandaki uygulamalar\u0131m\u0131z kurumsal altyap\u0131m\u0131z\u0131n grup \u015firketimiz olan Selimler Otomotiv Ltd.\u015eti.\u2019den yani 1947\u2019den bu yana gelen bir temel \u201c\u0130nsana Sayg\u0131\u201d mottosunun alt\u0131nda toplanm\u0131\u015ft\u0131r.<\/p>\n\n\n\n<p>\u0130nsan kaynaklar\u0131 misyonumuz; \u015eirketimizin vizyon, misyon ve stratejileri do\u011frultusunda \u015eirketimizin b\u00fcy\u00fcme ve karl\u0131l\u0131\u011f\u0131na, \u00e7al\u0131\u015fan verimlili\u011fini artt\u0131rarak ve nitelikli, motive, ba\u011fl\u0131l\u0131\u011f\u0131 y\u00fcksek i\u015f g\u00fcc\u00fc olu\u015fturarak katk\u0131da bulunmak, \u015eirketimiz stratejileri do\u011frultusunda \u0130nsan Kaynaklar\u0131 stratejileri geli\u015ftirmek ve b\u00fct\u00fcn operasyonlarda \u0130nsan kaynaklar\u0131 sistemlerinin uygulanmas\u0131n\u0131 koordine etmektir. \u0130nsan kaynaklar\u0131 misyonumuz do\u011frultusunda temel stratejimiz; \u015eirket hedeflerine odakl\u0131, tak\u0131m halinde bilgi ile \u00e7al\u0131\u015fan, s\u00fcrekli geli\u015fen, mutlu, motivasyonu y\u00fcksek ve e\u011fitimli bir insan g\u00fcc\u00fc olu\u015fturmakt\u0131r.<\/p>\n\n\n\n<p>\u015eirketimizin insan kaynaklar\u0131 stratejisi, vizyon ve misyonumuz do\u011frultusunda haz\u0131rlanarak stratejik i\u015f planlar\u0131m\u0131za destek vermek amac\u0131yla uygulanmakta olup a\u015fa\u011f\u0131daki temel politikalar alt\u0131nda y\u00fcr\u00fct\u00fclmektedir:<\/p>\n\n\n\n<p>(1) Organizasyonel verimlili\u011fi artt\u0131rmak<\/p>\n\n\n\n<p>(2) Stratejileri merkezi, politikalar\u0131 yerel olarak belirlemek,<\/p>\n\n\n\n<p>(3) Do\u011fru i\u015f i\u00e7in, do\u011fru zamanda, do\u011fru insan\u0131 bulmak,<\/p>\n\n\n\n<p>(4) Dinamik yap\u0131m\u0131z\u0131 korumak ve proaktif olmak,<\/p>\n\n\n\n<p>(5) \u0130nsan kayna\u011f\u0131m\u0131z\u0131 Grubumuza rekabet avantaj\u0131 yaratan taklit edilemez bir unsur olarak g\u00f6rmek.<\/p>\n\n\n\n<figure class=\"wp-block-image size-full\"><img loading=\"lazy\" decoding=\"async\" width=\"530\" height=\"282\" src=\"http:\/\/www.zonguldakarge.com\/wp-content\/uploads\/2023\/02\/kariyer_planlama.jpg\" alt=\"\" class=\"wp-image-300\" srcset=\"https:\/\/www.zonguldakarge.com\/wp-content\/uploads\/2023\/02\/kariyer_planlama.jpg 530w, https:\/\/www.zonguldakarge.com\/wp-content\/uploads\/2023\/02\/kariyer_planlama-300x160.jpg 300w\" sizes=\"(max-width: 530px) 100vw, 530px\" \/><\/figure>\n","protected":false},"excerpt":{"rendered":"<p>Kariyer Politika ve Uygulamalar\u0131m\u0131z \u015eirketimizin insan kaynaklar\u0131 politikas\u0131 ve bu alandaki uygulamalar\u0131m\u0131z kurumsal altyap\u0131m\u0131z\u0131n grup \u015firketimiz olan Selimler Otomotiv Ltd.\u015eti.\u2019den yani 1947\u2019den bu yana gelen bir temel \u201c\u0130nsana Sayg\u0131\u201d mottosunun alt\u0131nda toplanm\u0131\u015ft\u0131r. \u0130nsan kaynaklar\u0131 misyonumuz; \u015eirketimizin vizyon, misyon ve stratejileri do\u011frultusunda \u015eirketimizin b\u00fcy\u00fcme ve karl\u0131l\u0131\u011f\u0131na, \u00e7al\u0131\u015fan verimlili\u011fini artt\u0131rarak ve nitelikli, motive, ba\u011fl\u0131l\u0131\u011f\u0131 y\u00fcksek i\u015f g\u00fcc\u00fc &hellip; <a href=\"https:\/\/www.zonguldakarge.com\/?page_id=299\" class=\"more-link\">Continue reading<span class=\"screen-reader-text\"> &#8220;Kariyer Politika ve Uygulamalar\u0131m\u0131z&#8221;<\/span><\/a><\/p>\n","protected":false},"author":1,"featured_media":0,"parent":0,"menu_order":0,"comment_status":"closed","ping_status":"closed","template":"","meta":{"footnotes":""},"_links":{"self":[{"href":"https:\/\/www.zonguldakarge.com\/index.php?rest_route=\/wp\/v2\/pages\/299"}],"collection":[{"href":"https:\/\/www.zonguldakarge.com\/index.php?rest_route=\/wp\/v2\/pages"}],"about":[{"href":"https:\/\/www.zonguldakarge.com\/index.php?rest_route=\/wp\/v2\/types\/page"}],"author":[{"embeddable":true,"href":"https:\/\/www.zonguldakarge.com\/index.php?rest_route=\/wp\/v2\/users\/1"}],"replies":[{"embeddable":true,"href":"https:\/\/www.zonguldakarge.com\/index.php?rest_route=%2Fwp%2Fv2%2Fcomments&post=299"}],"version-history":[{"count":1,"href":"https:\/\/www.zonguldakarge.com\/index.php?rest_route=\/wp\/v2\/pages\/299\/revisions"}],"predecessor-version":[{"id":301,"href":"https:\/\/www.zonguldakarge.com\/index.php?rest_route=\/wp\/v2\/pages\/299\/revisions\/301"}],"wp:attachment":[{"href":"https:\/\/www.zonguldakarge.com\/index.php?rest_route=%2Fwp%2Fv2%2Fmedia&parent=299"}],"curies":[{"name":"wp","href":"https:\/\/api.w.org\/{rel}","templated":true}]}}