{"id":293,"date":"2023-02-20T11:11:56","date_gmt":"2023-02-20T08:11:56","guid":{"rendered":"http:\/\/www.zonguldakarge.com\/?page_id=293"},"modified":"2023-02-20T11:13:24","modified_gmt":"2023-02-20T08:13:24","slug":"neden-zonguldak-arge-yapi-laboratuvari","status":"publish","type":"page","link":"https:\/\/www.zonguldakarge.com\/?page_id=293","title":{"rendered":"Neden Zonguldak Arge Yap\u0131 Laboratuvar\u0131"},"content":{"rendered":"\n<p><strong>Neden Zonguldak Arge Yap\u0131 Laboratuvar\u0131?<\/strong><\/p>\n\n\n\n<p>Zonguldak Ar-Ge Yap\u0131 \u0130n\u015faat Laboratuvar\u0131, de\u011ferleri do\u011frultusunda en \u00f6nemli varl\u0131\u011f\u0131 olan insan kayna\u011f\u0131n\u0131n etkin, verimli ve y\u00fcksek motivasyonla \u00e7al\u0131\u015fabilmesini hedefler. Buna g\u00f6re, d\u00fcnyadaki geli\u015fime paralel m\u00fc\u015fteri odakl\u0131 yakla\u015f\u0131m\u0131 ile \u00e7a\u011fda\u015f insan kaynaklar\u0131 uygulamalar\u0131n\u0131 hayata ge\u00e7irmeyi kendisine ilke edinmi\u015ftir.<\/p>\n\n\n\n<p>Zonguldak Ar-Ge Yap\u0131 \u0130n\u015faat Laboratuvar\u0131, mevcut \u00e7al\u0131\u015fanlar i\u00e7in en iyi ortam\u0131 sa\u011flamak ve \u00fcst\u00fcn nitelikli \u00e7al\u0131\u015fanlar\u0131n en \u00e7ok tercih etti\u011fi \u015firket olmakt\u0131r. Kurumun de\u011fer, geni\u015f g\u00f6r\u00fc\u015fl\u00fcl\u00fck ve stratejileri do\u011frultusunda do\u011fru i\u015fe do\u011fru bireyi se\u00e7mek, isteklendirme ve ba\u011fl\u0131l\u0131\u011f\u0131 art\u0131rmak, kurumda devaml\u0131l\u0131\u011f\u0131 sa\u011flamak, kaliteyi y\u00fckseltecek s\u00fcre\u00e7 ve sistemlerle de\u011ferli \u00e7al\u0131\u015fanlar\u0131n g\u00fcvenli bir ortamda performans sergileyebilmeleri i\u00e7in politika ve prosed\u00fcrler olu\u015fturmak, bireysel ve kurumsal performans\u0131 s\u00fcrekli geli\u015ftirmek temel ve de\u011fi\u015fmez ama\u00e7lar\u0131m\u0131z aras\u0131nda yer almaktad\u0131r.<\/p>\n\n\n\n<figure class=\"wp-block-image size-full\"><img loading=\"lazy\" decoding=\"async\" width=\"610\" height=\"335\" src=\"http:\/\/www.zonguldakarge.com\/wp-content\/uploads\/2023\/02\/nedenarge.jpg\" alt=\"\" class=\"wp-image-294\" srcset=\"https:\/\/www.zonguldakarge.com\/wp-content\/uploads\/2023\/02\/nedenarge.jpg 610w, https:\/\/www.zonguldakarge.com\/wp-content\/uploads\/2023\/02\/nedenarge-300x165.jpg 300w\" sizes=\"(max-width: 610px) 100vw, 610px\" \/><\/figure>\n\n\n<p><\/p>\n","protected":false},"excerpt":{"rendered":"<p>Neden Zonguldak Arge Yap\u0131 Laboratuvar\u0131? Zonguldak Ar-Ge Yap\u0131 \u0130n\u015faat Laboratuvar\u0131, de\u011ferleri do\u011frultusunda en \u00f6nemli varl\u0131\u011f\u0131 olan insan kayna\u011f\u0131n\u0131n etkin, verimli ve y\u00fcksek motivasyonla \u00e7al\u0131\u015fabilmesini hedefler. Buna g\u00f6re, d\u00fcnyadaki geli\u015fime paralel m\u00fc\u015fteri odakl\u0131 yakla\u015f\u0131m\u0131 ile \u00e7a\u011fda\u015f insan kaynaklar\u0131 uygulamalar\u0131n\u0131 hayata ge\u00e7irmeyi kendisine ilke edinmi\u015ftir. Zonguldak Ar-Ge Yap\u0131 \u0130n\u015faat Laboratuvar\u0131, mevcut \u00e7al\u0131\u015fanlar i\u00e7in en iyi ortam\u0131 sa\u011flamak &hellip; <a href=\"https:\/\/www.zonguldakarge.com\/?page_id=293\" class=\"more-link\">Continue reading<span class=\"screen-reader-text\"> &#8220;Neden Zonguldak Arge Yap\u0131 Laboratuvar\u0131&#8221;<\/span><\/a><\/p>\n","protected":false},"author":1,"featured_media":0,"parent":0,"menu_order":0,"comment_status":"closed","ping_status":"closed","template":"","meta":{"footnotes":""},"_links":{"self":[{"href":"https:\/\/www.zonguldakarge.com\/index.php?rest_route=\/wp\/v2\/pages\/293"}],"collection":[{"href":"https:\/\/www.zonguldakarge.com\/index.php?rest_route=\/wp\/v2\/pages"}],"about":[{"href":"https:\/\/www.zonguldakarge.com\/index.php?rest_route=\/wp\/v2\/types\/page"}],"author":[{"embeddable":true,"href":"https:\/\/www.zonguldakarge.com\/index.php?rest_route=\/wp\/v2\/users\/1"}],"replies":[{"embeddable":true,"href":"https:\/\/www.zonguldakarge.com\/index.php?rest_route=%2Fwp%2Fv2%2Fcomments&post=293"}],"version-history":[{"count":2,"href":"https:\/\/www.zonguldakarge.com\/index.php?rest_route=\/wp\/v2\/pages\/293\/revisions"}],"predecessor-version":[{"id":298,"href":"https:\/\/www.zonguldakarge.com\/index.php?rest_route=\/wp\/v2\/pages\/293\/revisions\/298"}],"wp:attachment":[{"href":"https:\/\/www.zonguldakarge.com\/index.php?rest_route=%2Fwp%2Fv2%2Fmedia&parent=293"}],"curies":[{"name":"wp","href":"https:\/\/api.w.org\/{rel}","templated":true}]}}