{"id":286,"date":"2023-02-20T11:04:29","date_gmt":"2023-02-20T08:04:29","guid":{"rendered":"http:\/\/www.zonguldakarge.com\/?page_id=286"},"modified":"2023-02-20T11:09:52","modified_gmt":"2023-02-20T08:09:52","slug":"bakanlik-lisanslarimiz","status":"publish","type":"page","link":"https:\/\/www.zonguldakarge.com\/?page_id=286","title":{"rendered":"Bakanl\u0131k Lisanslar\u0131m\u0131z"},"content":{"rendered":"\n<p class=\"has-large-font-size\">Bakanl\u0131k Lisanslar\u0131m\u0131z<\/p>\n\n\n<div class=\"wp-block-image\">\n<figure class=\"aligncenter size-full\"><img loading=\"lazy\" decoding=\"async\" width=\"400\" height=\"585\" src=\"http:\/\/www.zonguldakarge.com\/wp-content\/uploads\/2023\/02\/LAB_K.jpg\" alt=\"\" class=\"wp-image-287\" srcset=\"https:\/\/www.zonguldakarge.com\/wp-content\/uploads\/2023\/02\/LAB_K.jpg 400w, https:\/\/www.zonguldakarge.com\/wp-content\/uploads\/2023\/02\/LAB_K-205x300.jpg 205w\" sizes=\"(max-width: 400px) 100vw, 400px\" \/><\/figure><\/div>\n\n<div class=\"wp-block-image\">\n<figure class=\"aligncenter size-full\"><img loading=\"lazy\" decoding=\"async\" width=\"700\" height=\"471\" src=\"http:\/\/www.zonguldakarge.com\/wp-content\/uploads\/2023\/02\/VERGI_K.jpg\" alt=\"\" class=\"wp-image-288\" srcset=\"https:\/\/www.zonguldakarge.com\/wp-content\/uploads\/2023\/02\/VERGI_K.jpg 700w, https:\/\/www.zonguldakarge.com\/wp-content\/uploads\/2023\/02\/VERGI_K-300x202.jpg 300w\" sizes=\"(max-width: 700px) 100vw, 700px\" \/><\/figure><\/div>\n\n<p><\/p>\n","protected":false},"excerpt":{"rendered":"<p>Bakanl\u0131k Lisanslar\u0131m\u0131z<\/p>\n","protected":false},"author":1,"featured_media":0,"parent":0,"menu_order":0,"comment_status":"closed","ping_status":"closed","template":"","meta":{"footnotes":""},"_links":{"self":[{"href":"https:\/\/www.zonguldakarge.com\/index.php?rest_route=\/wp\/v2\/pages\/286"}],"collection":[{"href":"https:\/\/www.zonguldakarge.com\/index.php?rest_route=\/wp\/v2\/pages"}],"about":[{"href":"https:\/\/www.zonguldakarge.com\/index.php?rest_route=\/wp\/v2\/types\/page"}],"author":[{"embeddable":true,"href":"https:\/\/www.zonguldakarge.com\/index.php?rest_route=\/wp\/v2\/users\/1"}],"replies":[{"embeddable":true,"href":"https:\/\/www.zonguldakarge.com\/index.php?rest_route=%2Fwp%2Fv2%2Fcomments&post=286"}],"version-history":[{"count":2,"href":"https:\/\/www.zonguldakarge.com\/index.php?rest_route=\/wp\/v2\/pages\/286\/revisions"}],"predecessor-version":[{"id":292,"href":"https:\/\/www.zonguldakarge.com\/index.php?rest_route=\/wp\/v2\/pages\/286\/revisions\/292"}],"wp:attachment":[{"href":"https:\/\/www.zonguldakarge.com\/index.php?rest_route=%2Fwp%2Fv2%2Fmedia&parent=286"}],"curies":[{"name":"wp","href":"https:\/\/api.w.org\/{rel}","templated":true}]}}