{"id":277,"date":"2023-02-20T10:47:37","date_gmt":"2023-02-20T07:47:37","guid":{"rendered":"http:\/\/www.zonguldakarge.com\/?page_id=277"},"modified":"2023-02-20T10:47:40","modified_gmt":"2023-02-20T07:47:40","slug":"vizyon-misyon-degerlerimiz","status":"publish","type":"page","link":"https:\/\/www.zonguldakarge.com\/?page_id=277","title":{"rendered":"Vizyon-Misyon \/ De\u011ferlerimiz"},"content":{"rendered":"\n<p class=\"has-large-font-size\">Vizyon-Misyon \/ De\u011ferlerimiz<\/p>\n\n\n\n<p>Zonguldak Arge Yap\u0131 Malzemeleri Test Laboratuvar\u0131 Y\u00f6netimi olarak;<\/p>\n\n\n\n<p>Hatas\u0131z profesyonel bir \u00e7al\u0131\u015fma yapmay\u0131, deney hizmetinin kalitesinden \u00f6d\u00fcn vermeden m\u00fc\u015fteri beklentilerine uygun hizmet vermeyi,<\/p>\n\n\n\n<p>Faaliyet alan\u0131m\u0131z kapsam\u0131ndaki deney hizmetlerini ulusal ve uluslararas\u0131 standartlara uygun olarak yapmay\u0131,<\/p>\n\n\n\n<p>Deneylerin yap\u0131lmas\u0131 ve sonu\u00e7lar\u0131n verilmesinde ulusal ve uluslararas\u0131 standardlarda meydana gelen de\u011fi\u015fiklikleri s\u00fcratle uygulamaya koymay\u0131 ve bu standardlarda \u00f6ng\u00f6r\u00fclen ko\u015fullar\u0131 sa\u011flamay\u0131,<\/p>\n\n\n\n<p>Bilgilerin gizlili\u011fi\u2019 ilkesine sad\u0131k kal\u0131narak; hizmet kalitesinden \u00f6d\u00fcn vermeden yeterlik, tarafs\u0131zl\u0131k, karar verme veya \u00e7al\u0131\u015fmas\u0131yla ilgili d\u00fcr\u00fcstl\u00fc\u011f\u00fcne olan g\u00fcveni azaltacak herhangi bir faaliyette bulunmamay\u0131,<\/p>\n\n\n\n<p>Uluslararas\u0131 kriterlere uygun ve s\u00fcrekli olarak \u00f6l\u00e7\u00fcm izlenebilirli\u011fi sa\u011flanm\u0131\u015f ekipmanlarla kaliteli ve g\u00fcvenli hizmet vermeyi,<\/p>\n\n\n\n<p>\u00c7al\u0131\u015fanlara, sa\u011fl\u0131kl\u0131 ve g\u00fcvenli bir \u00e7al\u0131\u015fma ortam\u0131nda s\u00fcrekli e\u011fitim olanaklar\u0131 sa\u011flamay\u0131 ve kaliteyi s\u00fcrekli hale getirmede \u00e7al\u0131\u015fanlara kat\u0131l\u0131mc\u0131 yakla\u015f\u0131m olana\u011f\u0131 sa\u011flamay\u0131,<\/p>\n\n\n\n<p>Deney \u00e7al\u0131\u015fmalar\u0131nda g\u00f6rev alan kalite sistemini iyi alg\u0131lam\u0131\u015f, e\u011fitimli ve uzman personel \u00e7al\u0131\u015ft\u0131rmay\u0131, personele kalite dok\u00fcmantasyonunu \u00f6\u011fretmeyi, kalite politikas\u0131 ve prosed\u00fcrleri \u00e7al\u0131\u015fmalar\u0131 s\u0131ras\u0131nda eksiksiz uygulatmay\u0131,<\/p>\n\n\n\n<p>Yasal h\u00fck\u00fcmler \u00e7er\u00e7evesinde, m\u00fc\u015fteri memnuniyetini sa\u011flamay\u0131,<\/p>\n\n\n\n<p>Olu\u015fturulan kalite y\u00f6netim sistemi etkinli\u011fini s\u00fcrekli olarak iyile\u015ftirmeyi ve TS EN ISO\/IEC 17025 standard\u0131 h\u00fck\u00fcmlerine uygun hizmet vermeyi \u015firket olarak bir g\u00f6rev biliriz.<\/p>\n\n\n<p><\/p>\n","protected":false},"excerpt":{"rendered":"<p>Vizyon-Misyon \/ De\u011ferlerimiz Zonguldak Arge Yap\u0131 Malzemeleri Test Laboratuvar\u0131 Y\u00f6netimi olarak; Hatas\u0131z profesyonel bir \u00e7al\u0131\u015fma yapmay\u0131, deney hizmetinin kalitesinden \u00f6d\u00fcn vermeden m\u00fc\u015fteri beklentilerine uygun hizmet vermeyi, Faaliyet alan\u0131m\u0131z kapsam\u0131ndaki deney hizmetlerini ulusal ve uluslararas\u0131 standartlara uygun olarak yapmay\u0131, Deneylerin yap\u0131lmas\u0131 ve sonu\u00e7lar\u0131n verilmesinde ulusal ve uluslararas\u0131 standardlarda meydana gelen de\u011fi\u015fiklikleri s\u00fcratle uygulamaya koymay\u0131 ve bu &hellip; <a href=\"https:\/\/www.zonguldakarge.com\/?page_id=277\" class=\"more-link\">Continue reading<span class=\"screen-reader-text\"> &#8220;Vizyon-Misyon \/ De\u011ferlerimiz&#8221;<\/span><\/a><\/p>\n","protected":false},"author":1,"featured_media":0,"parent":0,"menu_order":0,"comment_status":"closed","ping_status":"closed","template":"","meta":{"footnotes":""},"_links":{"self":[{"href":"https:\/\/www.zonguldakarge.com\/index.php?rest_route=\/wp\/v2\/pages\/277"}],"collection":[{"href":"https:\/\/www.zonguldakarge.com\/index.php?rest_route=\/wp\/v2\/pages"}],"about":[{"href":"https:\/\/www.zonguldakarge.com\/index.php?rest_route=\/wp\/v2\/types\/page"}],"author":[{"embeddable":true,"href":"https:\/\/www.zonguldakarge.com\/index.php?rest_route=\/wp\/v2\/users\/1"}],"replies":[{"embeddable":true,"href":"https:\/\/www.zonguldakarge.com\/index.php?rest_route=%2Fwp%2Fv2%2Fcomments&post=277"}],"version-history":[{"count":1,"href":"https:\/\/www.zonguldakarge.com\/index.php?rest_route=\/wp\/v2\/pages\/277\/revisions"}],"predecessor-version":[{"id":278,"href":"https:\/\/www.zonguldakarge.com\/index.php?rest_route=\/wp\/v2\/pages\/277\/revisions\/278"}],"wp:attachment":[{"href":"https:\/\/www.zonguldakarge.com\/index.php?rest_route=%2Fwp%2Fv2%2Fmedia&parent=277"}],"curies":[{"name":"wp","href":"https:\/\/api.w.org\/{rel}","templated":true}]}}