{"id":274,"date":"2023-02-20T10:08:25","date_gmt":"2023-02-20T07:08:25","guid":{"rendered":"http:\/\/www.zonguldakarge.com\/?page_id=274"},"modified":"2023-02-20T10:08:27","modified_gmt":"2023-02-20T07:08:27","slug":"sirket-profili-tarihce","status":"publish","type":"page","link":"https:\/\/www.zonguldakarge.com\/?page_id=274","title":{"rendered":"\u015eirket Profili \/ Tarih\u00e7e"},"content":{"rendered":"\n<p class=\"has-large-font-size\">\u015eirket Profili \/ Tarih\u00e7e<\/p>\n\n\n\n<p>2009&#8217;l\u0131 y\u0131llardan beri farkl\u0131 kurumlarda y\u00f6netici olarak tecr\u00fcbe ve deneyim kazand\u0131ktan sonra sekt\u00f6rdeki bo\u015flu\u011fu ve halk\u0131m\u0131z\u0131n Zonguldak\u2019\u0131m\u0131z\u0131n ihtiyac\u0131n\u0131 fark edip, y\u00f6netim olarak in\u015faat test faaliyetlerinin \u00f6nemli y\u00fckselen de\u011ferine yat\u0131r\u0131m yapt\u0131k.<\/p>\n\n\n\n<p>Firmam\u0131z\u0131n kuruldu\u011fu g\u00fcnden beri sekt\u00f6rdeki dan\u0131\u015fmanl\u0131k, kentsel d\u00f6n\u00fc\u015f\u00fcm ve test hizmetlerindeki t\u00fcm bo\u015flu\u011fu doldurman\u0131n gururunu ya\u015f\u0131yoruz.<\/p>\n\n\n<p><\/p>\n","protected":false},"excerpt":{"rendered":"<p>\u015eirket Profili \/ Tarih\u00e7e 2009&#8217;l\u0131 y\u0131llardan beri farkl\u0131 kurumlarda y\u00f6netici olarak tecr\u00fcbe ve deneyim kazand\u0131ktan sonra sekt\u00f6rdeki bo\u015flu\u011fu ve halk\u0131m\u0131z\u0131n Zonguldak\u2019\u0131m\u0131z\u0131n ihtiyac\u0131n\u0131 fark edip, y\u00f6netim olarak in\u015faat test faaliyetlerinin \u00f6nemli y\u00fckselen de\u011ferine yat\u0131r\u0131m yapt\u0131k. Firmam\u0131z\u0131n kuruldu\u011fu g\u00fcnden beri sekt\u00f6rdeki dan\u0131\u015fmanl\u0131k, kentsel d\u00f6n\u00fc\u015f\u00fcm ve test hizmetlerindeki t\u00fcm bo\u015flu\u011fu doldurman\u0131n gururunu ya\u015f\u0131yoruz.<\/p>\n","protected":false},"author":1,"featured_media":0,"parent":0,"menu_order":0,"comment_status":"closed","ping_status":"closed","template":"","meta":{"footnotes":""},"_links":{"self":[{"href":"https:\/\/www.zonguldakarge.com\/index.php?rest_route=\/wp\/v2\/pages\/274"}],"collection":[{"href":"https:\/\/www.zonguldakarge.com\/index.php?rest_route=\/wp\/v2\/pages"}],"about":[{"href":"https:\/\/www.zonguldakarge.com\/index.php?rest_route=\/wp\/v2\/types\/page"}],"author":[{"embeddable":true,"href":"https:\/\/www.zonguldakarge.com\/index.php?rest_route=\/wp\/v2\/users\/1"}],"replies":[{"embeddable":true,"href":"https:\/\/www.zonguldakarge.com\/index.php?rest_route=%2Fwp%2Fv2%2Fcomments&post=274"}],"version-history":[{"count":1,"href":"https:\/\/www.zonguldakarge.com\/index.php?rest_route=\/wp\/v2\/pages\/274\/revisions"}],"predecessor-version":[{"id":275,"href":"https:\/\/www.zonguldakarge.com\/index.php?rest_route=\/wp\/v2\/pages\/274\/revisions\/275"}],"wp:attachment":[{"href":"https:\/\/www.zonguldakarge.com\/index.php?rest_route=%2Fwp%2Fv2%2Fmedia&parent=274"}],"curies":[{"name":"wp","href":"https:\/\/api.w.org\/{rel}","templated":true}]}}