{"id":265,"date":"2023-02-20T09:54:34","date_gmt":"2023-02-20T06:54:34","guid":{"rendered":"http:\/\/www.zonguldakarge.com\/?page_id=265"},"modified":"2023-02-20T09:54:36","modified_gmt":"2023-02-20T06:54:36","slug":"kentsel-donusum-sureci-2-3-4-3","status":"publish","type":"page","link":"https:\/\/www.zonguldakarge.com\/?page_id=265","title":{"rendered":"Deneyler"},"content":{"rendered":"\n<p class=\"has-large-font-size\"><strong>Deneyler<\/strong><\/p>\n\n\n\n<ul>\n<li>Taze Betondan Numune Alma &#8211; TS EN 12350 <\/li>\n\n\n\n<li>Taze Betonda Slump Testi &#8211; TS EN 12350<\/li>\n\n\n\n<li>Deney Numunelerinin Haz\u0131rlanmas\u0131 ve 7-28 G\u00fcn K\u00fcrleme \u0130\u015flemi &#8211; TS EN 12390<\/li>\n\n\n\n<li>Taze Beton Deneyi &#8211; TS EN 206<\/li>\n\n\n\n<li>Donat\u0131 \u00c7eli\u011fi Numune Alma &#8211; TS 708<\/li>\n\n\n\n<li>Donat\u0131 \u00c7eli\u011fi Deneyi (8-36 0) -TS EN 15630<\/li>\n\n\n\n<li>Karayollar\u0131 Teknik \u015eartnamesi &#8211; 2006<\/li>\n\n\n\n<li>Sertle\u015fmi\u015f Beton (Karot) Deneyi<\/li>\n<\/ul>\n\n\n\n<figure class=\"wp-block-image size-full\"><img loading=\"lazy\" decoding=\"async\" width=\"400\" height=\"267\" src=\"http:\/\/www.zonguldakarge.com\/wp-content\/uploads\/2023\/02\/AAAA.jpg\" alt=\"\" class=\"wp-image-120\" srcset=\"https:\/\/www.zonguldakarge.com\/wp-content\/uploads\/2023\/02\/AAAA.jpg 400w, https:\/\/www.zonguldakarge.com\/wp-content\/uploads\/2023\/02\/AAAA-300x200.jpg 300w\" sizes=\"(max-width: 400px) 100vw, 400px\" \/><\/figure>\n\n\n<p><\/p>\n","protected":false},"excerpt":{"rendered":"<p>Deneyler<\/p>\n","protected":false},"author":1,"featured_media":0,"parent":0,"menu_order":0,"comment_status":"closed","ping_status":"closed","template":"","meta":{"footnotes":""},"_links":{"self":[{"href":"https:\/\/www.zonguldakarge.com\/index.php?rest_route=\/wp\/v2\/pages\/265"}],"collection":[{"href":"https:\/\/www.zonguldakarge.com\/index.php?rest_route=\/wp\/v2\/pages"}],"about":[{"href":"https:\/\/www.zonguldakarge.com\/index.php?rest_route=\/wp\/v2\/types\/page"}],"author":[{"embeddable":true,"href":"https:\/\/www.zonguldakarge.com\/index.php?rest_route=\/wp\/v2\/users\/1"}],"replies":[{"embeddable":true,"href":"https:\/\/www.zonguldakarge.com\/index.php?rest_route=%2Fwp%2Fv2%2Fcomments&post=265"}],"version-history":[{"count":1,"href":"https:\/\/www.zonguldakarge.com\/index.php?rest_route=\/wp\/v2\/pages\/265\/revisions"}],"predecessor-version":[{"id":267,"href":"https:\/\/www.zonguldakarge.com\/index.php?rest_route=\/wp\/v2\/pages\/265\/revisions\/267"}],"wp:attachment":[{"href":"https:\/\/www.zonguldakarge.com\/index.php?rest_route=%2Fwp%2Fv2%2Fmedia&parent=265"}],"curies":[{"name":"wp","href":"https:\/\/api.w.org\/{rel}","templated":true}]}}