{"id":256,"date":"2023-02-20T09:44:56","date_gmt":"2023-02-20T06:44:56","guid":{"rendered":"http:\/\/www.zonguldakarge.com\/?page_id=256"},"modified":"2023-02-20T09:44:57","modified_gmt":"2023-02-20T06:44:57","slug":"kentsel-donusum-sureci-2-3-4-3-8","status":"publish","type":"page","link":"https:\/\/www.zonguldakarge.com\/?page_id=256","title":{"rendered":"Ankraj Filiz \u00c7ekme \u0130\u015flemleri"},"content":{"rendered":"\n<p class=\"has-large-font-size\"><strong>Ankraj Filiz \u00c7ekme \u0130\u015flemleri<\/strong><\/p>\n\n\n\n<p>Yap\u0131larda ta\u015f\u0131y\u0131c\u0131 sistem ile ilgili demir filizi ekilmesi sonras\u0131nda epoksi malzemenin performans\u0131na veya betona g\u00f6m\u00fcl\u00fc demir \u00e7ubuklar\u0131n aderans dayan\u0131m\u0131n\u0131n tayinine y\u00f6nelik olarak, ta\u015f\u0131nabilir \u00f6zel hidrolik cihaz\u0131yla ankraj \u00e7ekme-s\u0131yr\u0131lma deneyleri yap\u0131l\u0131r ve raporlan\u0131r. Bu deneyde numune s\u0131kl\u0131\u011f\u0131, toplam filiz say\u0131s\u0131n\u0131n % 10\u2019udur<\/p>\n\n\n\n<figure class=\"wp-block-image size-full\"><img loading=\"lazy\" decoding=\"async\" width=\"300\" height=\"302\" src=\"http:\/\/www.zonguldakarge.com\/wp-content\/uploads\/2023\/02\/ankraj_2.jpg\" alt=\"\" class=\"wp-image-257\" srcset=\"https:\/\/www.zonguldakarge.com\/wp-content\/uploads\/2023\/02\/ankraj_2.jpg 300w, https:\/\/www.zonguldakarge.com\/wp-content\/uploads\/2023\/02\/ankraj_2-298x300.jpg 298w, https:\/\/www.zonguldakarge.com\/wp-content\/uploads\/2023\/02\/ankraj_2-150x150.jpg 150w\" sizes=\"(max-width: 300px) 100vw, 300px\" \/><\/figure>\n\n\n<p><\/p>\n","protected":false},"excerpt":{"rendered":"<p>Ankraj Filiz \u00c7ekme \u0130\u015flemleri Yap\u0131larda ta\u015f\u0131y\u0131c\u0131 sistem ile ilgili demir filizi ekilmesi sonras\u0131nda epoksi malzemenin performans\u0131na veya betona g\u00f6m\u00fcl\u00fc demir \u00e7ubuklar\u0131n aderans dayan\u0131m\u0131n\u0131n tayinine y\u00f6nelik olarak, ta\u015f\u0131nabilir \u00f6zel hidrolik cihaz\u0131yla ankraj \u00e7ekme-s\u0131yr\u0131lma deneyleri yap\u0131l\u0131r ve raporlan\u0131r. Bu deneyde numune s\u0131kl\u0131\u011f\u0131, toplam filiz say\u0131s\u0131n\u0131n % 10\u2019udur<\/p>\n","protected":false},"author":1,"featured_media":0,"parent":0,"menu_order":0,"comment_status":"closed","ping_status":"closed","template":"","meta":{"footnotes":""},"_links":{"self":[{"href":"https:\/\/www.zonguldakarge.com\/index.php?rest_route=\/wp\/v2\/pages\/256"}],"collection":[{"href":"https:\/\/www.zonguldakarge.com\/index.php?rest_route=\/wp\/v2\/pages"}],"about":[{"href":"https:\/\/www.zonguldakarge.com\/index.php?rest_route=\/wp\/v2\/types\/page"}],"author":[{"embeddable":true,"href":"https:\/\/www.zonguldakarge.com\/index.php?rest_route=\/wp\/v2\/users\/1"}],"replies":[{"embeddable":true,"href":"https:\/\/www.zonguldakarge.com\/index.php?rest_route=%2Fwp%2Fv2%2Fcomments&post=256"}],"version-history":[{"count":1,"href":"https:\/\/www.zonguldakarge.com\/index.php?rest_route=\/wp\/v2\/pages\/256\/revisions"}],"predecessor-version":[{"id":258,"href":"https:\/\/www.zonguldakarge.com\/index.php?rest_route=\/wp\/v2\/pages\/256\/revisions\/258"}],"wp:attachment":[{"href":"https:\/\/www.zonguldakarge.com\/index.php?rest_route=%2Fwp%2Fv2%2Fmedia&parent=256"}],"curies":[{"name":"wp","href":"https:\/\/api.w.org\/{rel}","templated":true}]}}