{"id":252,"date":"2023-02-20T09:42:40","date_gmt":"2023-02-20T06:42:40","guid":{"rendered":"http:\/\/www.zonguldakarge.com\/?page_id=252"},"modified":"2023-02-20T09:42:42","modified_gmt":"2023-02-20T06:42:42","slug":"kentsel-donusum-sureci-2-3-4-3-7","status":"publish","type":"page","link":"https:\/\/www.zonguldakarge.com\/?page_id=252","title":{"rendered":"\u00c7\u00f6kertme ve G\u00f6\u00e7ertme \u0130\u015flemleri"},"content":{"rendered":"\n<p class=\"has-large-font-size\"><strong>\u00c7\u00f6kertme ve G\u00f6\u00e7ertme \u0130\u015flemleri<\/strong><\/p>\n\n\n\n<p>Karotlama i\u015flemleri ve duvar kesim i\u015flemleri ile merdiven bo\u015flu\u011fu a\u00e7ma, kap\u0131 a\u00e7ma i\u015flemlerini \u0130\u015f Sa\u011fl\u0131\u011f\u0131 ve G\u00fcvenli\u011fi kanunlar\u0131na uygun bir \u015fekilde yapmaktay\u0131z.<\/p>\n\n\n\n<figure class=\"wp-block-image size-full\"><img loading=\"lazy\" decoding=\"async\" width=\"950\" height=\"412\" src=\"http:\/\/www.zonguldakarge.com\/wp-content\/uploads\/2023\/02\/yikim.jpg\" alt=\"\" class=\"wp-image-253\" srcset=\"https:\/\/www.zonguldakarge.com\/wp-content\/uploads\/2023\/02\/yikim.jpg 950w, https:\/\/www.zonguldakarge.com\/wp-content\/uploads\/2023\/02\/yikim-300x130.jpg 300w, https:\/\/www.zonguldakarge.com\/wp-content\/uploads\/2023\/02\/yikim-768x333.jpg 768w\" sizes=\"(max-width: 950px) 100vw, 950px\" \/><\/figure>\n\n\n<p><\/p>\n","protected":false},"excerpt":{"rendered":"<p>\u00c7\u00f6kertme ve G\u00f6\u00e7ertme \u0130\u015flemleri Karotlama i\u015flemleri ve duvar kesim i\u015flemleri ile merdiven bo\u015flu\u011fu a\u00e7ma, kap\u0131 a\u00e7ma i\u015flemlerini \u0130\u015f Sa\u011fl\u0131\u011f\u0131 ve G\u00fcvenli\u011fi kanunlar\u0131na uygun bir \u015fekilde yapmaktay\u0131z.<\/p>\n","protected":false},"author":1,"featured_media":0,"parent":0,"menu_order":0,"comment_status":"closed","ping_status":"closed","template":"","meta":{"footnotes":""},"_links":{"self":[{"href":"https:\/\/www.zonguldakarge.com\/index.php?rest_route=\/wp\/v2\/pages\/252"}],"collection":[{"href":"https:\/\/www.zonguldakarge.com\/index.php?rest_route=\/wp\/v2\/pages"}],"about":[{"href":"https:\/\/www.zonguldakarge.com\/index.php?rest_route=\/wp\/v2\/types\/page"}],"author":[{"embeddable":true,"href":"https:\/\/www.zonguldakarge.com\/index.php?rest_route=\/wp\/v2\/users\/1"}],"replies":[{"embeddable":true,"href":"https:\/\/www.zonguldakarge.com\/index.php?rest_route=%2Fwp%2Fv2%2Fcomments&post=252"}],"version-history":[{"count":1,"href":"https:\/\/www.zonguldakarge.com\/index.php?rest_route=\/wp\/v2\/pages\/252\/revisions"}],"predecessor-version":[{"id":254,"href":"https:\/\/www.zonguldakarge.com\/index.php?rest_route=\/wp\/v2\/pages\/252\/revisions\/254"}],"wp:attachment":[{"href":"https:\/\/www.zonguldakarge.com\/index.php?rest_route=%2Fwp%2Fv2%2Fmedia&parent=252"}],"curies":[{"name":"wp","href":"https:\/\/api.w.org\/{rel}","templated":true}]}}