{"id":239,"date":"2023-02-20T09:35:17","date_gmt":"2023-02-20T06:35:17","guid":{"rendered":"http:\/\/www.zonguldakarge.com\/?page_id=239"},"modified":"2023-02-20T09:35:19","modified_gmt":"2023-02-20T06:35:19","slug":"kentsel-donusum-sureci-2-3-4-3-6","status":"publish","type":"page","link":"https:\/\/www.zonguldakarge.com\/?page_id=239","title":{"rendered":"Kentsel D\u00f6n\u00fc\u015f\u00fcm Ba\u015fvuru Evraklar\u0131"},"content":{"rendered":"\n<p class=\"has-large-font-size\"><strong>Kentsel D\u00f6n\u00fc\u015f\u00fcm Ba\u015fvuru Evraklar\u0131<\/strong><\/p>\n\n\n\n<ul>\n<li>Belge Listesi ( <a href=\"http:\/\/www.zonguldakarge.com\/wp-content\/uploads\/2023\/02\/0_BELGE_LISTESI.docx\" target=\"_blank\" rel=\"noreferrer noopener\">DOSYA \u0130ND\u0130R<\/a>)<\/li>\n\n\n\n<li>Ba\u015fvuru Formu ( <a href=\"http:\/\/www.zonguldakarge.com\/wp-content\/uploads\/2023\/02\/1_BASVURU_FORMU.docx\" target=\"_blank\" rel=\"noreferrer noopener\">DOSYA \u0130ND\u0130R<\/a>)<\/li>\n\n\n\n<li>&#8220;Projesi Var m\u0131?&#8221; Dilek\u00e7esi (Belediye) ( <a href=\"http:\/\/www.zonguldakarge.com\/wp-content\/uploads\/2023\/02\/2_PROJESI_VARMI_BELEDIYE.docx\" target=\"_blank\" rel=\"noreferrer noopener\">DOSYA \u0130ND\u0130R<\/a>)<\/li>\n\n\n\n<li>&#8220;Projesi Var m\u0131?&#8221; Dilek\u00e7esi (K\u00f6y) ( <a href=\"http:\/\/www.zonguldakarge.com\/wp-content\/uploads\/2023\/02\/3_PROJESI_VARMI_KOY.docx\" target=\"_blank\" rel=\"noreferrer noopener\">DOSYA \u0130ND\u0130R<\/a>)<\/li>\n\n\n\n<li>&#8220;UAVT&#8221; Dilek\u00e7esi (K\u00f6y) ( <a href=\"http:\/\/www.zonguldakarge.com\/wp-content\/uploads\/2023\/02\/4_UAVT_DILEKCESI_KOY.docx\" target=\"_blank\" rel=\"noreferrer noopener\">DOSYA \u0130ND\u0130R<\/a>)<\/li>\n\n\n\n<li>&#8220;UAVT&#8221; Dilek\u00e7esi (Belediye) ( <a href=\"http:\/\/www.zonguldakarge.com\/wp-content\/uploads\/2023\/02\/5_UAVT_DILEKCESI_BELEDIYE.docx\" target=\"_blank\" rel=\"noreferrer noopener\">DOSYA \u0130ND\u0130R<\/a>)<\/li>\n\n\n\n<li>&#8220;Tarihi Eser mi?&#8221; Dilek\u00e7esi (\u0130l K\u00fclt\u00fcr ve Turizm M\u00fcd\u00fcrl\u00fc\u011f\u00fcne veya Kdz. Ere\u011fli M\u00fczesine) ( <a href=\"http:\/\/www.zonguldakarge.com\/wp-content\/uploads\/2023\/02\/6_TARIHI_ESERMI_DILEKCESI.docx\" target=\"_blank\" rel=\"noreferrer noopener\">DOSYA \u0130ND\u0130R<\/a>)<\/li>\n\n\n\n<li>&#8220;Y\u00f6netim Kurulu Karar\u0131&#8221; Yaz\u0131s\u0131 (\u015eirketler i\u00e7in) ( <a href=\"http:\/\/www.zonguldakarge.com\/wp-content\/uploads\/2023\/02\/7_YONETIM_KURULU_KARARI_SIRKETLERICIN.docx\" target=\"_blank\" rel=\"noreferrer noopener\">DOSYA \u0130ND\u0130R<\/a>)<\/li>\n<\/ul>\n\n\n\n<figure class=\"wp-block-image size-full\"><img loading=\"lazy\" decoding=\"async\" width=\"225\" height=\"225\" src=\"http:\/\/www.zonguldakarge.com\/wp-content\/uploads\/2023\/02\/AAA.jpg\" alt=\"\" class=\"wp-image-248\" srcset=\"https:\/\/www.zonguldakarge.com\/wp-content\/uploads\/2023\/02\/AAA.jpg 225w, https:\/\/www.zonguldakarge.com\/wp-content\/uploads\/2023\/02\/AAA-150x150.jpg 150w\" sizes=\"(max-width: 225px) 100vw, 225px\" \/><\/figure>\n\n\n<p><\/p>\n","protected":false},"excerpt":{"rendered":"<p>Kentsel D\u00f6n\u00fc\u015f\u00fcm Ba\u015fvuru Evraklar\u0131<\/p>\n","protected":false},"author":1,"featured_media":0,"parent":0,"menu_order":0,"comment_status":"closed","ping_status":"closed","template":"","meta":{"footnotes":""},"_links":{"self":[{"href":"https:\/\/www.zonguldakarge.com\/index.php?rest_route=\/wp\/v2\/pages\/239"}],"collection":[{"href":"https:\/\/www.zonguldakarge.com\/index.php?rest_route=\/wp\/v2\/pages"}],"about":[{"href":"https:\/\/www.zonguldakarge.com\/index.php?rest_route=\/wp\/v2\/types\/page"}],"author":[{"embeddable":true,"href":"https:\/\/www.zonguldakarge.com\/index.php?rest_route=\/wp\/v2\/users\/1"}],"replies":[{"embeddable":true,"href":"https:\/\/www.zonguldakarge.com\/index.php?rest_route=%2Fwp%2Fv2%2Fcomments&post=239"}],"version-history":[{"count":1,"href":"https:\/\/www.zonguldakarge.com\/index.php?rest_route=\/wp\/v2\/pages\/239\/revisions"}],"predecessor-version":[{"id":249,"href":"https:\/\/www.zonguldakarge.com\/index.php?rest_route=\/wp\/v2\/pages\/239\/revisions\/249"}],"wp:attachment":[{"href":"https:\/\/www.zonguldakarge.com\/index.php?rest_route=%2Fwp%2Fv2%2Fmedia&parent=239"}],"curies":[{"name":"wp","href":"https:\/\/api.w.org\/{rel}","templated":true}]}}