{"id":149,"date":"2023-02-17T11:06:42","date_gmt":"2023-02-17T08:06:42","guid":{"rendered":"http:\/\/www.zonguldakarge.com\/?page_id=149"},"modified":"2023-02-17T11:06:43","modified_gmt":"2023-02-17T08:06:43","slug":"kentsel-donusum-sureci-2-3-4-3-3","status":"publish","type":"page","link":"https:\/\/www.zonguldakarge.com\/?page_id=149","title":{"rendered":"Duvar Kesim \u0130\u015flemleri"},"content":{"rendered":"\n<p class=\"has-large-font-size\"><strong>Duvar Kesim \u0130\u015flemleri<\/strong><\/p>\n\n\n\n<p>Derz Makinas\u0131 \u0130le Tam Otomatik Kendi Y\u00fcr\u00fcyebilen Elektrikli, Benzinli ve Dizel Derz Kesme Makinalar\u0131yla 50 cm beton kal\u0131nl\u0131\u011f\u0131na kadar kesme imk\u00e2n\u0131m\u0131z vard\u0131r. Kullan\u0131m Alanlar\u0131 , \u201cDerz Kesme, D\u00f6\u015feme Kesme, Saha Betonu Kesme, Havaalan\u0131 Apron Kesme, Asfalt Kesme, Kat Kesimi, Kanal Kesme\u2019dir\u201d.<\/p>\n\n\n\n<figure class=\"wp-block-image size-full\"><img loading=\"lazy\" decoding=\"async\" width=\"450\" height=\"600\" src=\"http:\/\/www.zonguldakarge.com\/wp-content\/uploads\/2023\/02\/beton_kesme_1.jpg\" alt=\"\" class=\"wp-image-150\" srcset=\"https:\/\/www.zonguldakarge.com\/wp-content\/uploads\/2023\/02\/beton_kesme_1.jpg 450w, https:\/\/www.zonguldakarge.com\/wp-content\/uploads\/2023\/02\/beton_kesme_1-225x300.jpg 225w\" sizes=\"(max-width: 450px) 100vw, 450px\" \/><\/figure>\n\n\n<p><\/p>\n","protected":false},"excerpt":{"rendered":"<p>Duvar Kesim \u0130\u015flemleri Derz Makinas\u0131 \u0130le Tam Otomatik Kendi Y\u00fcr\u00fcyebilen Elektrikli, Benzinli ve Dizel Derz Kesme Makinalar\u0131yla 50 cm beton kal\u0131nl\u0131\u011f\u0131na kadar kesme imk\u00e2n\u0131m\u0131z vard\u0131r. Kullan\u0131m Alanlar\u0131 , \u201cDerz Kesme, D\u00f6\u015feme Kesme, Saha Betonu Kesme, Havaalan\u0131 Apron Kesme, Asfalt Kesme, Kat Kesimi, Kanal Kesme\u2019dir\u201d.<\/p>\n","protected":false},"author":1,"featured_media":0,"parent":0,"menu_order":0,"comment_status":"closed","ping_status":"closed","template":"","meta":{"footnotes":""},"_links":{"self":[{"href":"https:\/\/www.zonguldakarge.com\/index.php?rest_route=\/wp\/v2\/pages\/149"}],"collection":[{"href":"https:\/\/www.zonguldakarge.com\/index.php?rest_route=\/wp\/v2\/pages"}],"about":[{"href":"https:\/\/www.zonguldakarge.com\/index.php?rest_route=\/wp\/v2\/types\/page"}],"author":[{"embeddable":true,"href":"https:\/\/www.zonguldakarge.com\/index.php?rest_route=\/wp\/v2\/users\/1"}],"replies":[{"embeddable":true,"href":"https:\/\/www.zonguldakarge.com\/index.php?rest_route=%2Fwp%2Fv2%2Fcomments&post=149"}],"version-history":[{"count":1,"href":"https:\/\/www.zonguldakarge.com\/index.php?rest_route=\/wp\/v2\/pages\/149\/revisions"}],"predecessor-version":[{"id":151,"href":"https:\/\/www.zonguldakarge.com\/index.php?rest_route=\/wp\/v2\/pages\/149\/revisions\/151"}],"wp:attachment":[{"href":"https:\/\/www.zonguldakarge.com\/index.php?rest_route=%2Fwp%2Fv2%2Fmedia&parent=149"}],"curies":[{"name":"wp","href":"https:\/\/api.w.org\/{rel}","templated":true}]}}