{"id":141,"date":"2023-02-17T11:02:39","date_gmt":"2023-02-17T08:02:39","guid":{"rendered":"http:\/\/www.zonguldakarge.com\/?page_id=141"},"modified":"2023-03-30T17:06:16","modified_gmt":"2023-03-30T14:06:16","slug":"kentsel-donusum-sureci-2-3-4-3-2","status":"publish","type":"page","link":"https:\/\/www.zonguldakarge.com\/?page_id=141","title":{"rendered":"Karot \u0130\u015flemleri"},"content":{"rendered":"\n<p class=\"has-large-font-size\"><strong>Karot \u0130\u015flemleri<\/strong><\/p>\n\n\n\n<p>Sertle\u015fmi\u015f betondan betonu belli teknik ve makineler ile delerek i\u00e7erisinden beton numunesi \u00e7\u0131karma i\u015flemine karot ( \u0130ngilizce \u201cCarrot\u201d kelimesinden gelmekte) denmektedir. Karot numunesi al\u0131nan in\u015faatlar\u0131n o anki beton kalitesine ula\u015f\u0131lmaktad\u0131r. Karot numunesi in\u015faat\u0131n statik durumunu etkilemez. Ancak karot al\u0131m\u0131nda bina demirlerine zarar vermeden ve binay\u0131 olumsuz \u015fekilde etkilemeyecek \u015fekilde karot al\u0131nmas\u0131 esast\u0131r. M\u00fcmk\u00fcnse statik proje m\u00fcellifi ile birlikte karot al\u0131nacak yer tespit etmekte ve mutlaka yine bir in\u015faat m\u00fchendisi nezaretinde demir taramas\u0131 yap\u0131larak, binaya zarar vermeyecek bir b\u00f6lgeden karot almaktay\u0131z.<\/p>\n\n\n\n<p>&nbsp;&nbsp;&nbsp;&nbsp;&nbsp;&nbsp;&nbsp;&nbsp;&nbsp; Ayr\u0131ca&nbsp; Schmidt Sertlik \u00c7ekici (Mekanik test) do\u011fal ta\u015f ve beton malzemelerin geri s\u0131\u00e7rama de\u011ferinin tayini ile sertlik s\u0131n\u0131f\u0131n\u0131n yap\u0131lmas\u0131 ve malzemenin dolayl\u0131 olarak tek eksenli bas\u0131n\u00e7 dayan\u0131m\u0131n\u0131n saptanmas\u0131 amac\u0131yla kullan\u0131lan tahribats\u0131z test cihaz\u0131d\u0131r. N tipi beton test \u00e7ekici laboratuvarda ve arazide olmak \u00fczere iki \u015fekilde kullan\u0131labilir. Ta\u015f\u0131nabilir \u00f6zellikte olmas\u0131 yerinde analize olanak sa\u011flar.<\/p>\n\n\n\n<p>&nbsp;&nbsp;&nbsp;&nbsp;&nbsp;&nbsp;&nbsp;&nbsp;&nbsp; Muhtelif \u00e7aplarda, darbesiz, istenilen yerde, sessiz ve temiz, demir donat\u0131s\u0131yla birlikte, betonarme d\u00f6\u015feme ve perdelerde, her t\u00fcrl\u00fc a\u00e7\u0131l\u0131m ve tadilat i\u00e7in karot delme tekni\u011finden yararlan\u0131r\u0131z.<\/p>\n\n\n\n<p>&nbsp;&nbsp;&nbsp;&nbsp;&nbsp;&nbsp;&nbsp;&nbsp;&nbsp; Bu sistemle kalorifer tesisat\u0131, pis-temiz su, baca delikleri, do\u011falgaz delikleri, kap\u0131-pencere-havaland\u0131rma-asans\u00f6r merdiven bo\u015flu\u011fu a\u00e7\u0131l\u0131mlar\u0131, demirli-demirsiz her t\u00fcrl\u00fc betonda istedi\u011finiz a\u00e7\u0131da, duvarda, yerde, \u00e7at\u0131da, balkonda, her noktada \u00e7al\u0131\u015fmak m\u00fcmk\u00fcnd\u00fcr.<\/p>\n\n\n\n<p>&nbsp;&nbsp;&nbsp;&nbsp;&nbsp;&nbsp;&nbsp;&nbsp;&nbsp;&nbsp; Bu sistemin avantajlar\u0131 \u00e7ok fazlad\u0131r. \u00d6nceden b\u0131rakmalarda, yan\u0131lmalar \u00e7eki\u00e7le mur\u00e7la \u00e7al\u0131\u015fmada kaymalar, b\u00fcy\u00fck delik a\u00e7\u0131lmas\u0131 beraberinde matkapla \u00e7al\u0131\u015fmada u\u00e7 k\u0131r\u0131lmas\u0131, kayma, makine ar\u0131zas\u0131, en ba\u015fta esas problem olarak demir engeli, zaman kayb\u0131 ve i\u015f\u00e7ilikte y\u00fcksek maliyet getirmektedir.<\/p>\n\n\n\n<p>H\u00e2lbuki karot sistemi, bu maliyetleri d\u00fc\u015f\u00fcrmekte, zamandan ve i\u015f\u00e7ilikten tasarruf sa\u011flamakta; temiz, d\u00fczg\u00fcn sat\u0131hta, istenilen \u00e7apta delme imk\u00e2n\u0131 sa\u011flamaktad\u0131r<\/p>\n\n\n\n<p>&nbsp;&nbsp;&nbsp;&nbsp;&nbsp;&nbsp;&nbsp;&nbsp;&nbsp;&nbsp;Karot Al\u0131m\u0131 Esaslar\u0131 Sunumu (<a href=\"http:\/\/www.zonguldakarge.com\/wp-content\/uploads\/2023\/02\/karot_numunesi_alimi.pdf\" target=\"_blank\" rel=\"noreferrer noopener\">DOSYA \u0130ND\u0130R<\/a>)<\/p>\n\n\n\n<figure class=\"wp-block-video\"><video controls src=\"http:\/\/www.zonguldakarge.com\/wp-content\/uploads\/2023\/03\/test-ceici-videosu.mp4\"><\/video><\/figure>\n\n\n\n<figure class=\"wp-block-image size-full\"><img loading=\"lazy\" decoding=\"async\" width=\"700\" height=\"525\" src=\"http:\/\/www.zonguldakarge.com\/wp-content\/uploads\/2023\/02\/karot1.jpg\" alt=\"\" class=\"wp-image-143\" srcset=\"https:\/\/www.zonguldakarge.com\/wp-content\/uploads\/2023\/02\/karot1.jpg 700w, https:\/\/www.zonguldakarge.com\/wp-content\/uploads\/2023\/02\/karot1-300x225.jpg 300w\" sizes=\"(max-width: 700px) 100vw, 700px\" \/><\/figure>\n\n\n\n<figure class=\"wp-block-image size-full\"><img loading=\"lazy\" decoding=\"async\" width=\"810\" height=\"608\" src=\"http:\/\/www.zonguldakarge.com\/wp-content\/uploads\/2023\/02\/karot2.jpg\" alt=\"\" class=\"wp-image-142\" srcset=\"https:\/\/www.zonguldakarge.com\/wp-content\/uploads\/2023\/02\/karot2.jpg 810w, https:\/\/www.zonguldakarge.com\/wp-content\/uploads\/2023\/02\/karot2-300x225.jpg 300w, https:\/\/www.zonguldakarge.com\/wp-content\/uploads\/2023\/02\/karot2-768x576.jpg 768w\" sizes=\"(max-width: 810px) 100vw, 810px\" \/><\/figure>\n\n\n<p><\/p>\n","protected":false},"excerpt":{"rendered":"<p>Karot \u0130\u015flemleri Sertle\u015fmi\u015f betondan betonu belli teknik ve makineler ile delerek i\u00e7erisinden beton numunesi \u00e7\u0131karma i\u015flemine karot ( \u0130ngilizce \u201cCarrot\u201d kelimesinden gelmekte) denmektedir. Karot numunesi al\u0131nan in\u015faatlar\u0131n o anki beton kalitesine ula\u015f\u0131lmaktad\u0131r. Karot numunesi in\u015faat\u0131n statik durumunu etkilemez. Ancak karot al\u0131m\u0131nda bina demirlerine zarar vermeden ve binay\u0131 olumsuz \u015fekilde etkilemeyecek \u015fekilde karot al\u0131nmas\u0131 esast\u0131r. M\u00fcmk\u00fcnse &hellip; <a href=\"https:\/\/www.zonguldakarge.com\/?page_id=141\" class=\"more-link\">Continue reading<span class=\"screen-reader-text\"> &#8220;Karot \u0130\u015flemleri&#8221;<\/span><\/a><\/p>\n","protected":false},"author":1,"featured_media":0,"parent":0,"menu_order":0,"comment_status":"closed","ping_status":"closed","template":"","meta":{"footnotes":""},"_links":{"self":[{"href":"https:\/\/www.zonguldakarge.com\/index.php?rest_route=\/wp\/v2\/pages\/141"}],"collection":[{"href":"https:\/\/www.zonguldakarge.com\/index.php?rest_route=\/wp\/v2\/pages"}],"about":[{"href":"https:\/\/www.zonguldakarge.com\/index.php?rest_route=\/wp\/v2\/types\/page"}],"author":[{"embeddable":true,"href":"https:\/\/www.zonguldakarge.com\/index.php?rest_route=\/wp\/v2\/users\/1"}],"replies":[{"embeddable":true,"href":"https:\/\/www.zonguldakarge.com\/index.php?rest_route=%2Fwp%2Fv2%2Fcomments&post=141"}],"version-history":[{"count":3,"href":"https:\/\/www.zonguldakarge.com\/index.php?rest_route=\/wp\/v2\/pages\/141\/revisions"}],"predecessor-version":[{"id":334,"href":"https:\/\/www.zonguldakarge.com\/index.php?rest_route=\/wp\/v2\/pages\/141\/revisions\/334"}],"wp:attachment":[{"href":"https:\/\/www.zonguldakarge.com\/index.php?rest_route=%2Fwp%2Fv2%2Fmedia&parent=141"}],"curies":[{"name":"wp","href":"https:\/\/api.w.org\/{rel}","templated":true}]}}