{"id":137,"date":"2023-02-17T09:47:03","date_gmt":"2023-02-17T06:47:03","guid":{"rendered":"http:\/\/www.zonguldakarge.com\/?page_id=137"},"modified":"2023-02-20T09:54:02","modified_gmt":"2023-02-20T06:54:02","slug":"kentsel-donusum-sureci-2-3-4-3-10","status":"publish","type":"page","link":"https:\/\/www.zonguldakarge.com\/?page_id=137","title":{"rendered":"Referanslar"},"content":{"rendered":"\n<p class=\"has-large-font-size\"><strong>Referanslar<\/strong><\/p>\n\n\n\n<figure class=\"wp-block-table is-style-stripes\"><table class=\"table\"><tbody><tr><td>3K \u0130N\u015e.PROJE<br>ABDUL VAHAP S\u00dcR\u00dcL<br>ABDULLAH GEN\u00c7<br>ABDULLAH T\u00dcYL\u00dcO\u011eLU<br>ADAK YAPI \u0130N\u015e.<br>ADEM KARATA\u015e<br>ADIM \u0130N\u015e.<br>AHMET ACAR<br>AKAN KARDE\u015eLER<br>AKBAL \u0130N\u015e.SAN.T\u0130C.LTD.\u015eT\u0130.<br>ALAG\u00d6ZLER \u0130N\u015e.<br>ALAPLI AYHAN \u0130N\u015e.<br>Alapl\u0131 Belediyesi<br>ALEMDAR BERBERO\u011eLU<br>AL\u0130 DEM\u0130R \u0130N\u015e.T\u0130C.LTD.\u015eT\u0130.<br>AL\u0130M \u0130N\u015eAAT T\u0130C.LTD.\u015eT\u0130.<br>ALPAYLAR \u0130N\u015e.<br>ALPER FINDIK \u0130N\u015e.<br>ALYA \u0130N\u015e.<br>AMASRA KONTAS \u0130N\u015e.<br>ARMA \u0130N\u015e.<br>ARTEK \u0130N\u015e.<br>AS\u0130L \u0130N\u015e.T\u0130C.LTD.\u015eT\u0130.<br>ASLANLAR \u0130N\u015e.<br>ATASOY \u0130N\u015e.<br>ATMI\u015e \u0130N\u015e.<br>AYDEM\u0130R KERESTE \u0130N\u015e.<br>BALSES \u0130N\u015e.<br>BA\u015ePINAR \u0130N\u015e.<br>BATI TEK \u0130N\u015e.<br>BAYGAZ \u0130N\u015e.<br>BERAT \u0130N\u015e.<br>BERRAK \u00d6NAL<br>BEYAZ \u00c7INAR YAPI EMLAK.\u0130N\u015e.T\u0130C.LTD.\u015eT\u0130.<br>B\u0130LAL YAVUZ ANIL Z\u0130RVE S.S.<br>BOZKU\u015e \u0130N\u015e<br>BST \u0130N\u015e.<br>B\u00dcKR\u00dc \u0130N\u015e.<br>B\u00dcLENT UZUN<br>C\u0130HAN DEN\u0130Z \u0130N\u015e.TAAH.PROJE.<br>C\u0130HAN YILMAZ \u0130N\u015e.<br>\u00c7AKIRAY \u0130N\u015e.<br>\u00c7ALI\u015eKANER \u0130N\u015e.T\u0130C.LTD.\u015eT\u0130.<br>\u00c7ANAK\u00c7ILAR SERAM\u0130K<br>\u00c7atala\u011fz\u0131 Belediyesi<br>\u00c7aycuma Belediyesi<br>\u00c7AYCUMA KOLEJ\u0130<br>\u00c7ayde\u011firmeni Belediyesi<br>\u00c7OLAKO\u011eLU \u0130N\u015e.<br>\u00c7ORUH \u0130N\u015e.<br>DEM\u0130RKAN \u0130N\u015e.T\u0130C.LTD.\u015eT\u0130.<br>Devrek Belediyesi<br>DO\u011eA-DORUK \u0130N\u015e.T\u0130C.LTD.\u015eT\u0130.<br>EK\u0130P \u0130N\u015e.<br>EMAY M\u00dcH.\u0130N\u015e.<br>EMEK \u0130N\u015e.<br>EM\u0130R \u0130N\u015e.<br>EMKO A.\u015e.<br>EMRULLAH SOLMAZ<br>ENEZ \u0130N\u015e.<br>ENG\u0130N KIR<br>ER\u00c7ET\u0130N DEM\u0130R \u00c7EL\u0130K \u0130N\u015e.<br>ERDAL \u015eEN<br>ERDO\u011eAN \u0130N\u015e.<br>EREN ENERJ\u0130<br>ER\u0130MLER \u0130N\u015e.<br>ERKAN K\u00d6SE<br>EROL BAYDAN<br>EROL \u0130N\u015e.<br>EROL YA\u015eA \u0130N\u015e.<br>FALIM \u0130N\u015e.<br>FARK YAPI \u0130N\u015e.<br>FERHAT PAP\u0130LA<br>GARANT\u0130 BANKASI A.\u015e.<br>GED\u0130KO\u011eULLARI \u0130N\u015e.<br>GEN\u00c7 YAPI<br>G\u00f6k\u00e7ebey Belediyesi<br>G\u00d6K-SER \u0130N\u015e.<br>G\u00dcLDA\u011eI \u0130N\u015e.<br>G\u00dcNAYSER \u0130N\u015e.<br>G\u00dcNEY \u0130N\u015e.T\u0130C.A.\u015e.<br>G\u00dcRKAN G\u00dcLAY<br>G\u00dcRLEYEN \u0130N\u015e.<br>HACIKULAO\u011eLU \u0130N\u015e.<br>HAG \u0130N\u015e.<br>HAKKI SAHA \u0130N\u015e.<br>HAL\u0130M PAP\u0130LA<br>HAM\u0130TO\u011eLU \u0130N\u015e.<br>HEZER \u0130N\u015e.<br>HOCAG\u0130L \u0130N\u015e.<br>\u0130P\u00c7\u0130 \u0130N\u015e.<\/td><td>KALAYCI \u0130N\u015e.<br>KAPUCU \u0130N\u015e.<br>KARAARSLAN \u0130N\u015e.<br>KARADEM\u0130R METAL \u0130N\u015e.<br>KAREMAR \u0130N\u015e.T\u0130C.LTD.\u015eT\u0130.<br>KARPA ELEKTR\u0130K<br>KAYA \u0130N\u015e.<br>KAZANCI \u0130N\u015e.<br>KCS \u0130N\u015e.<br>Kdz.Ere\u011fli Belediyesi<br>KILI\u00c7 \u0130N\u015e.<br>KILIN\u00c7O\u011eLU \u0130N\u015e.<br>Kilimli Belediyesi<br>K\u0130MTA\u015e A\u015e.<br>KNY KESK\u0130NLER \u0130N\u015e.<br>KORKMAZ \u0130N\u015e.<br>Kozlu Belediyesi<br>MANTARLI \u0130N\u015e.<br>MEHMET AKIN<br>MERC\u0130MEK EV ALETLER\u0130<br>MESA \u0130N\u015e.<br>MET\u0130N ALBAYRAK<br>MST \u0130N\u015e.T\u0130C.LTD.\u015eT\u0130.<br>MST KALKAN \u0130N\u015e.<br>MUAMMER TOPRAK-TOPRAK CENTER<br>MUARREM KABAO\u011eLU \u0130N\u015e.<br>MUSTAFA EK\u015e\u0130 \u0130N\u015e.T\u0130C.LTD.\u015eT\u0130.<br>MUSTAFA KUMA\u015e<br>NAZ \u0130N\u015e.<br>NESSA ALTAY \u0130N\u015e.<br>NET\u0130\u015e \u0130N\u015e.<br>NEVZAT DEM\u0130RKESEN<br>NUR \u0130N\u015e.<br>NURETT\u0130N BALCI<br>NUR\u0130 TEK\u0130N ALAPLI<br>OCAK\u00c7I \u0130N\u015e.<br>ODEN YAPI \u0130N\u015e.<br>OFTER \u0130N\u015e.SAN.T\u0130C.LTD.\u015eT\u0130.<br>ORAL \u0130N\u015e.SAN.T\u0130C.LTD.\u015eT\u0130.<br>Ormanl\u0131 Belediyesi<br>OSMANLI \u0130N\u015e.<br>\u00d6KS\u00dcZ MERMER \u0130N\u015e.<br>\u00d6NAR \u0130N\u015e.<br>\u00d6NKA \u0130N\u015e.<br>\u00d6ZBAL \u0130N\u015e.SAN.T\u0130C.LTD.\u015eT\u0130.<br>\u00d6ZBULUT \u0130N\u015e.T\u0130C.LTD.\u015eT\u0130.<br>\u00d6ZDEM\u0130RLER \u0130N\u015e.<br>\u00d6ZEREN \u0130N\u015e.<br>\u00d6ZKOZLULU \u0130N\u015e.<br>\u00d6ZTA\u015e \u0130N\u015e.<br>\u00d6ZT\u0130N \u0130N\u015e.<br>PAP\u0130LA \u0130N\u015e.ARATEL \u0130N\u015e.<br>RAGIP BAYRAKTAR<br>RESA ELEKTR\u0130K<br>SAN\u0130\u015e \u0130N\u015e.T\u0130C.A.\u015e.<br>SARSIK \u0130N\u015e.<br>SE\u00c7\u0130L \u0130N\u015e.<br>SEDKALE \u0130N\u015e.<br>SEM\u0130H KARAG\u00dcLMEZ<br>SEZ YAPI \u0130N\u015e.<br>SEZER YAMAN \u0130N\u015e.<br>S\u0130MGEHAN M\u00dcH.<br>S\u0130MORAL \u0130N\u015e.<br>SOLMAZ \u0130N\u015e.<br>SOLMAZ \u0130N\u015e.<br>S\u00dcR\u00dcL \u0130N\u015e.<br>\u015e\u0130M\u015eEK \u0130N\u015e.<br>TAHS\u0130N DURU<br>TANRIKULU \u0130N\u015e.<br>TUN\u00c7AY \u0130N\u015e.T\u0130C.A.\u015e.<br>TURYAPI \u0130N\u015e.TAAH.T\u0130C.A.\u015e.<br>TURYAT \u0130N\u015e.<br>T\u00dcRKLER \u0130N\u015e.<br>UMUT \u0130N\u015eAAT<br>\u00dc\u00c7KARDE\u015eLER \u0130N\u015e.T\u0130C.LTD.\u015eT\u0130.<br>\u00dc\u00c7KONAK \u0130N\u015e.<br>\u00dcM\u0130T VEL\u0130O\u011eLU<br>VUSLAT OTOMOT\u0130V<br>YAMAN \u0130N\u015e.<br>YAPKON \u0130N\u015e.<br>YILMAZ AYDEM\u0130R \u0130N\u015e.<br>YILMAZ \u0130N\u015e.<br>YONCALI TEKST\u0130L<br>Y\u00d6REM \u0130N\u015e.<br>YURTBAYLAR \u0130N\u015e.<br>YUSUF G\u00dcNAY<br>YUSUF T\u0130CARET<br>ZAMAN OSGB. \u0130N\u015e.<br>Z\u0130YA YAZICI<br>Zonguldak Belediyesi<br>ZONGULDAK EM\u0130NOGLU \u0130N\u015e.<br>ZONYAP \u0130N\u015e<\/td><\/tr><\/tbody><\/table><\/figure>\n\n\n<p><\/p>\n","protected":false},"excerpt":{"rendered":"<p>Referanslar 3K \u0130N\u015e.PROJEABDUL VAHAP S\u00dcR\u00dcLABDULLAH GEN\u00c7ABDULLAH T\u00dcYL\u00dcO\u011eLUADAK YAPI \u0130N\u015e.ADEM KARATA\u015eADIM \u0130N\u015e.AHMET ACARAKAN KARDE\u015eLERAKBAL \u0130N\u015e.SAN.T\u0130C.LTD.\u015eT\u0130.ALAG\u00d6ZLER \u0130N\u015e.ALAPLI AYHAN \u0130N\u015e.Alapl\u0131 BelediyesiALEMDAR BERBERO\u011eLUAL\u0130 DEM\u0130R \u0130N\u015e.T\u0130C.LTD.\u015eT\u0130.AL\u0130M \u0130N\u015eAAT T\u0130C.LTD.\u015eT\u0130.ALPAYLAR \u0130N\u015e.ALPER FINDIK \u0130N\u015e.ALYA \u0130N\u015e.AMASRA KONTAS \u0130N\u015e.ARMA \u0130N\u015e.ARTEK \u0130N\u015e.AS\u0130L \u0130N\u015e.T\u0130C.LTD.\u015eT\u0130.ASLANLAR \u0130N\u015e.ATASOY \u0130N\u015e.ATMI\u015e \u0130N\u015e.AYDEM\u0130R KERESTE \u0130N\u015e.BALSES \u0130N\u015e.BA\u015ePINAR \u0130N\u015e.BATI TEK \u0130N\u015e.BAYGAZ \u0130N\u015e.BERAT \u0130N\u015e.BERRAK \u00d6NALBEYAZ \u00c7INAR YAPI EMLAK.\u0130N\u015e.T\u0130C.LTD.\u015eT\u0130.B\u0130LAL YAVUZ ANIL Z\u0130RVE S.S.BOZKU\u015e \u0130N\u015eBST \u0130N\u015e.B\u00dcKR\u00dc \u0130N\u015e.B\u00dcLENT UZUNC\u0130HAN &hellip; <a href=\"https:\/\/www.zonguldakarge.com\/?page_id=137\" class=\"more-link\">Continue reading<span class=\"screen-reader-text\"> &#8220;Referanslar&#8221;<\/span><\/a><\/p>\n","protected":false},"author":1,"featured_media":0,"parent":0,"menu_order":0,"comment_status":"closed","ping_status":"closed","template":"","meta":{"footnotes":""},"_links":{"self":[{"href":"https:\/\/www.zonguldakarge.com\/index.php?rest_route=\/wp\/v2\/pages\/137"}],"collection":[{"href":"https:\/\/www.zonguldakarge.com\/index.php?rest_route=\/wp\/v2\/pages"}],"about":[{"href":"https:\/\/www.zonguldakarge.com\/index.php?rest_route=\/wp\/v2\/types\/page"}],"author":[{"embeddable":true,"href":"https:\/\/www.zonguldakarge.com\/index.php?rest_route=\/wp\/v2\/users\/1"}],"replies":[{"embeddable":true,"href":"https:\/\/www.zonguldakarge.com\/index.php?rest_route=%2Fwp%2Fv2%2Fcomments&post=137"}],"version-history":[{"count":3,"href":"https:\/\/www.zonguldakarge.com\/index.php?rest_route=\/wp\/v2\/pages\/137\/revisions"}],"predecessor-version":[{"id":266,"href":"https:\/\/www.zonguldakarge.com\/index.php?rest_route=\/wp\/v2\/pages\/137\/revisions\/266"}],"wp:attachment":[{"href":"https:\/\/www.zonguldakarge.com\/index.php?rest_route=%2Fwp%2Fv2%2Fmedia&parent=137"}],"curies":[{"name":"wp","href":"https:\/\/api.w.org\/{rel}","templated":true}]}}