{"id":128,"date":"2023-02-17T09:31:19","date_gmt":"2023-02-17T06:31:19","guid":{"rendered":"http:\/\/www.zonguldakarge.com\/?page_id=128"},"modified":"2023-02-17T09:31:20","modified_gmt":"2023-02-17T06:31:20","slug":"kentsel-donusum-sureci-2-2-2","status":"publish","type":"page","link":"https:\/\/www.zonguldakarge.com\/?page_id=128","title":{"rendered":"Gayrimenkul De\u011ferleme"},"content":{"rendered":"\n<p class=\"has-large-font-size\"><strong>Gayrimenkul De\u011ferleme<\/strong><\/p>\n\n\n\n<p>\u2022\u00a0\u00a0 Kentsel D\u00f6n\u00fc\u015f\u00fcm kapsam\u0131ndaki De\u011ferlemeler<br>\u2022\u00a0\u00a0 Bankalar\u0131n Hem Bireysel (\u0130potek Finansman\u0131 Kanunu Kapsam\u0131ndaki) Hem de Kurumsal Teminat Ama\u00e7l\u0131 De\u011ferlemeleri<br>\u2022\u00a0\u00a0 Ger\u00e7ek, T\u00fczel veya Kamu Kurum ve Kurulu\u015flar\u0131n\u0131n Her T\u00fcrl\u00fc Al\u0131m Sat\u0131m \u0130\u015flemi \u0130\u00e7in Adil Piyasa De\u011fer Tespiti<br>\u2022\u00a0\u00a0 Yat\u0131r\u0131m Et\u00fctleri ve B\u00f6lgesel \u00c7al\u0131\u015fmalar<\/p>\n\n\n\n<figure class=\"wp-block-image size-full\"><img loading=\"lazy\" decoding=\"async\" width=\"600\" height=\"366\" src=\"http:\/\/www.zonguldakarge.com\/wp-content\/uploads\/2023\/02\/aks7.jpg\" alt=\"\" class=\"wp-image-129\" srcset=\"https:\/\/www.zonguldakarge.com\/wp-content\/uploads\/2023\/02\/aks7.jpg 600w, https:\/\/www.zonguldakarge.com\/wp-content\/uploads\/2023\/02\/aks7-300x183.jpg 300w\" sizes=\"(max-width: 600px) 100vw, 600px\" \/><\/figure>\n","protected":false},"excerpt":{"rendered":"<p>Gayrimenkul De\u011ferleme \u2022\u00a0\u00a0 Kentsel D\u00f6n\u00fc\u015f\u00fcm kapsam\u0131ndaki De\u011ferlemeler\u2022\u00a0\u00a0 Bankalar\u0131n Hem Bireysel (\u0130potek Finansman\u0131 Kanunu Kapsam\u0131ndaki) Hem de Kurumsal Teminat Ama\u00e7l\u0131 De\u011ferlemeleri\u2022\u00a0\u00a0 Ger\u00e7ek, T\u00fczel veya Kamu Kurum ve Kurulu\u015flar\u0131n\u0131n Her T\u00fcrl\u00fc Al\u0131m Sat\u0131m \u0130\u015flemi \u0130\u00e7in Adil Piyasa De\u011fer Tespiti\u2022\u00a0\u00a0 Yat\u0131r\u0131m Et\u00fctleri ve B\u00f6lgesel \u00c7al\u0131\u015fmalar<\/p>\n","protected":false},"author":1,"featured_media":0,"parent":0,"menu_order":0,"comment_status":"closed","ping_status":"closed","template":"","meta":{"footnotes":""},"_links":{"self":[{"href":"https:\/\/www.zonguldakarge.com\/index.php?rest_route=\/wp\/v2\/pages\/128"}],"collection":[{"href":"https:\/\/www.zonguldakarge.com\/index.php?rest_route=\/wp\/v2\/pages"}],"about":[{"href":"https:\/\/www.zonguldakarge.com\/index.php?rest_route=\/wp\/v2\/types\/page"}],"author":[{"embeddable":true,"href":"https:\/\/www.zonguldakarge.com\/index.php?rest_route=\/wp\/v2\/users\/1"}],"replies":[{"embeddable":true,"href":"https:\/\/www.zonguldakarge.com\/index.php?rest_route=%2Fwp%2Fv2%2Fcomments&post=128"}],"version-history":[{"count":1,"href":"https:\/\/www.zonguldakarge.com\/index.php?rest_route=\/wp\/v2\/pages\/128\/revisions"}],"predecessor-version":[{"id":130,"href":"https:\/\/www.zonguldakarge.com\/index.php?rest_route=\/wp\/v2\/pages\/128\/revisions\/130"}],"wp:attachment":[{"href":"https:\/\/www.zonguldakarge.com\/index.php?rest_route=%2Fwp%2Fv2%2Fmedia&parent=128"}],"curies":[{"name":"wp","href":"https:\/\/api.w.org\/{rel}","templated":true}]}}