{"id":119,"date":"2023-02-16T15:51:27","date_gmt":"2023-02-16T12:51:27","guid":{"rendered":"http:\/\/www.zonguldakarge.com\/?page_id=119"},"modified":"2023-02-16T15:51:28","modified_gmt":"2023-02-16T12:51:28","slug":"kentsel-donusum-sureci-2-3-4","status":"publish","type":"page","link":"https:\/\/www.zonguldakarge.com\/?page_id=119","title":{"rendered":"3B \u00c7al\u0131\u015fmalar"},"content":{"rendered":"\n<p class=\"has-large-font-size\"><strong>3B \u00c7al\u0131\u015fmalar<\/strong><\/p>\n\n\n\n<ul>\n<li>3D D\u0131\u015f Cephe Tasar\u0131mlar\u0131<\/li>\n\n\n\n<li>3D \u0130\u00e7 Mek\u00e2n ve Dekor Tasar\u0131mlar\u0131<\/li>\n\n\n\n<li>Hareketli Video Proje Tan\u0131t\u0131mlar\u0131<\/li>\n\n\n\n<li>3D Bina \u00c7izimleri ve Katalog Haz\u0131rlama<\/li>\n<\/ul>\n\n\n\n<figure class=\"wp-block-image size-full\"><img loading=\"lazy\" decoding=\"async\" width=\"400\" height=\"267\" src=\"http:\/\/www.zonguldakarge.com\/wp-content\/uploads\/2023\/02\/AAAA.jpg\" alt=\"\" class=\"wp-image-120\" srcset=\"https:\/\/www.zonguldakarge.com\/wp-content\/uploads\/2023\/02\/AAAA.jpg 400w, https:\/\/www.zonguldakarge.com\/wp-content\/uploads\/2023\/02\/AAAA-300x200.jpg 300w\" sizes=\"(max-width: 400px) 100vw, 400px\" \/><\/figure>\n","protected":false},"excerpt":{"rendered":"<p>3B \u00c7al\u0131\u015fmalar<\/p>\n","protected":false},"author":1,"featured_media":0,"parent":0,"menu_order":0,"comment_status":"closed","ping_status":"closed","template":"","meta":{"footnotes":""},"_links":{"self":[{"href":"https:\/\/www.zonguldakarge.com\/index.php?rest_route=\/wp\/v2\/pages\/119"}],"collection":[{"href":"https:\/\/www.zonguldakarge.com\/index.php?rest_route=\/wp\/v2\/pages"}],"about":[{"href":"https:\/\/www.zonguldakarge.com\/index.php?rest_route=\/wp\/v2\/types\/page"}],"author":[{"embeddable":true,"href":"https:\/\/www.zonguldakarge.com\/index.php?rest_route=\/wp\/v2\/users\/1"}],"replies":[{"embeddable":true,"href":"https:\/\/www.zonguldakarge.com\/index.php?rest_route=%2Fwp%2Fv2%2Fcomments&post=119"}],"version-history":[{"count":1,"href":"https:\/\/www.zonguldakarge.com\/index.php?rest_route=\/wp\/v2\/pages\/119\/revisions"}],"predecessor-version":[{"id":121,"href":"https:\/\/www.zonguldakarge.com\/index.php?rest_route=\/wp\/v2\/pages\/119\/revisions\/121"}],"wp:attachment":[{"href":"https:\/\/www.zonguldakarge.com\/index.php?rest_route=%2Fwp%2Fv2%2Fmedia&parent=119"}],"curies":[{"name":"wp","href":"https:\/\/api.w.org\/{rel}","templated":true}]}}