{"id":113,"date":"2023-02-16T15:40:57","date_gmt":"2023-02-16T12:40:57","guid":{"rendered":"http:\/\/www.zonguldakarge.com\/?page_id=113"},"modified":"2023-02-16T15:42:22","modified_gmt":"2023-02-16T12:42:22","slug":"kentsel-donusum-sureci-2-3-3","status":"publish","type":"page","link":"https:\/\/www.zonguldakarge.com\/?page_id=113","title":{"rendered":"G\u00fc\u00e7lendirme Projesi"},"content":{"rendered":"\n<p class=\"has-large-font-size\"><strong>G\u00fc\u00e7lendirme Projesi<\/strong><\/p>\n\n\n\n<figure class=\"wp-block-table aligncenter is-style-stripes\"><table class=\"table\"><tbody><tr><td><strong>G\u00fc\u00e7lendirme Projesi<br>Binan\u0131z\u0131n Depreme Ne Kadar Dayan\u0131kl\u0131 Oldu\u011funu Biliyor musunuz?<br>Binan\u0131z\u0131n Deprem Dayan\u0131m\u0131n\u0131 Kontrol Ettiniz mi?<br>Nelere Dikkat Etmelisiniz?<\/strong><\/td><td><img loading=\"lazy\" decoding=\"async\" width=\"500\" height=\"330\" class=\"wp-image-114\" style=\"width: 500px;\" src=\"http:\/\/www.zonguldakarge.com\/wp-content\/uploads\/2023\/02\/2324234.jpg\" alt=\"\" srcset=\"https:\/\/www.zonguldakarge.com\/wp-content\/uploads\/2023\/02\/2324234.jpg 500w, https:\/\/www.zonguldakarge.com\/wp-content\/uploads\/2023\/02\/2324234-300x198.jpg 300w\" sizes=\"(max-width: 500px) 100vw, 500px\" \/><\/td><\/tr><\/tbody><\/table><\/figure>\n\n\n\n<p>1. Binan\u0131z\u0131n depreme dayan\u0131kl\u0131 olup olmad\u0131\u011f\u0131 d\u0131\u015far\u0131dan g\u00f6zlemle veya sadece bina projesi incelenerek belirlenemez.<\/p>\n\n\n\n<p>2. Binan\u0131z\u0131n depreme dayan\u0131kl\u0131 olup olmay\u0131\u015f\u0131 sadece zemin et\u00fcd\u00fc, beton kalitesi testleri, v.b incelemelerle de belirlenemez.<\/p>\n\n\n\n<p>3. Binan\u0131z\u0131n dayan\u0131kl\u0131l\u0131\u011f\u0131 incelenip takviye gerekti\u011fi durumlarda da \u00e7ok zor bir a\u015fama ba\u015flar: bina i\u00e7indeki baz\u0131 kolonlar mantolanacakt\u0131r, yeni perde duvarlar yarat\u0131labilir; bina i\u00e7inde uzun s\u00fcrebilecek bir in\u015faat d\u00f6nemi olacakt\u0131r ve bu i\u015fte olduk\u00e7a masrafl\u0131d\u0131r.<\/p>\n\n\n\n<p>4. Hasar raporu ile depreme dayan\u0131kl\u0131l\u0131k raporu \u00e7ok farkl\u0131 \u015feylerdir. Hasar raporu gerekti\u011finde sadece g\u00f6zlemlerle bile verilebilir. Depreme dayan\u0131kl\u0131l\u0131k raporu ise \u00e7ok farkl\u0131 bir \u015fey olup, bunu herkes veremez ve bu \u00e7ok zor bir i\u015ftir.<\/p>\n\n\n\n<p>5. Deprem sonras\u0131 verilen hasar raporu sadece g\u00f6zlemle binada deprem nedeniyle ta\u015f\u0131y\u0131c\u0131 elemanlar olan kolon ve kiri\u015flerin hasar g\u00f6r\u00fcp g\u00f6rmedi\u011fini belirleyebilir. Ta\u015f\u0131y\u0131c\u0131 elemanlar\u0131 hasar g\u00f6rmemi\u015f veya az hasar g\u00f6rm\u00fc\u015f bir binada oturmaya devam edilebilir. Ancak bu o binan\u0131n depreme dayan\u0131kl\u0131 oldu\u011funu g\u00f6stermez. Daha b\u00fcy\u00fck bir depremde binay\u0131 g\u00f6\u00e7meyece\u011fi veya daha fazla hasar g\u00f6rmeyece\u011fi bilinemez.<\/p>\n\n\n\n<p>\u2022 Depreme dayan\u0131kl\u0131l\u0131k raporu vermek i\u00e7in \u00e7ok zahmetli ve detayl\u0131 bir ara\u015ft\u0131rma ve hesaplama gerekir. Ta\u015f\u0131y\u0131c\u0131 elemanlar\u0131n (kolon\/kiri\u015f) beton kalitesi belirlenmelidir: t\u00fcm elemanlar \u00f6l\u00e7\u00fclemeyece\u011finden belli yerlerde numuneler al\u0131narak bir genelleme yap\u0131l\u0131r.<\/p>\n\n\n\n<p>Kolon ve kiri\u015flerin i\u00e7indeki \u00e7elik donat\u0131 oranlar\u0131\/konumlar\u0131 bilinmelidir: Ancak donat\u0131 \u00e7ap ve konumlar\u0131n\u0131n belirlenmesi de olduk\u00e7a zor bir i\u015ftir. Bu i\u015f i\u00e7in metal detekt\u00f6r kullan\u0131lmaz, baz\u0131 \u00f6zel ultrason cihazlar\u0131 beton i\u00e7indeki donat\u0131 yerlerini tespit edebilir ancak \u00e7elik kalitesini belirleyemez.<\/p>\n\n\n\n<p>Kendi Ba\u015f\u0131n\u0131za Yapabilece\u011finiz \u00d6n kontroller;<\/p>\n\n\n\n<p>(Bu kontrollerin bir k\u0131sm\u0131 in\u015faat m\u00fchendisli\u011fi bilgisi gerektirir ve size sadece y\u00f6n g\u00f6stermek amac\u0131yla haz\u0131rlanm\u0131\u015ft\u0131r, binan\u0131z\u0131n dayan\u0131kl\u0131l\u0131\u011f\u0131n\u0131 kendi ba\u015f\u0131na belirleyemez)<\/p>\n\n\n\n<p>1. Varsa binan\u0131n projesini elde etmeye \u00e7al\u0131\u015f\u0131n. Binan\u0131n projesi ba\u011fl\u0131 oldu\u011funuz belediyeden elde edilebilir.<\/p>\n\n\n\n<p>2. Bina projesini elde etmeniz \u00e7ok \u00f6nemlidir, \u00e7\u00fcnk\u00fc:<\/p>\n\n\n\n<p>\u2022 Binan\u0131z\u0131n ka\u00e7ak olmad\u0131\u011f\u0131 ve hangi proje b\u00fcrosu taraf\u0131ndan yap\u0131ld\u0131\u011f\u0131 bilinir, Projeyi yapan b\u00fcronun sayg\u0131nl\u0131\u011f\u0131 ve referanslar\u0131n\u0131 b\u00f6ylece soru\u015fturabilirsiniz.<\/p>\n\n\n\n<p>\u2022 Projede kullan\u0131lan malzeme ve hesaplarla ilgili \u00f6nemli bilgiler bulunur:<\/p>\n\n\n\n<p>\u2022 Zonguldak Ar-Ge Yap\u0131 olarak bu i\u015flemleri yapmaktay\u0131z.<\/p>\n\n\n\n<figure class=\"wp-block-image size-full\"><img loading=\"lazy\" decoding=\"async\" width=\"950\" height=\"189\" src=\"http:\/\/www.zonguldakarge.com\/wp-content\/uploads\/2023\/02\/fidan.jpg\" alt=\"\" class=\"wp-image-115\" srcset=\"https:\/\/www.zonguldakarge.com\/wp-content\/uploads\/2023\/02\/fidan.jpg 950w, https:\/\/www.zonguldakarge.com\/wp-content\/uploads\/2023\/02\/fidan-300x60.jpg 300w, https:\/\/www.zonguldakarge.com\/wp-content\/uploads\/2023\/02\/fidan-768x153.jpg 768w\" sizes=\"(max-width: 950px) 100vw, 950px\" \/><\/figure>\n","protected":false},"excerpt":{"rendered":"<p>G\u00fc\u00e7lendirme Projesi G\u00fc\u00e7lendirme ProjesiBinan\u0131z\u0131n Depreme Ne Kadar Dayan\u0131kl\u0131 Oldu\u011funu Biliyor musunuz?Binan\u0131z\u0131n Deprem Dayan\u0131m\u0131n\u0131 Kontrol Ettiniz mi?Nelere Dikkat Etmelisiniz? 1. Binan\u0131z\u0131n depreme dayan\u0131kl\u0131 olup olmad\u0131\u011f\u0131 d\u0131\u015far\u0131dan g\u00f6zlemle veya sadece bina projesi incelenerek belirlenemez. 2. Binan\u0131z\u0131n depreme dayan\u0131kl\u0131 olup olmay\u0131\u015f\u0131 sadece zemin et\u00fcd\u00fc, beton kalitesi testleri, v.b incelemelerle de belirlenemez. 3. Binan\u0131z\u0131n dayan\u0131kl\u0131l\u0131\u011f\u0131 incelenip takviye gerekti\u011fi durumlarda &hellip; <a href=\"https:\/\/www.zonguldakarge.com\/?page_id=113\" class=\"more-link\">Continue reading<span class=\"screen-reader-text\"> &#8220;G\u00fc\u00e7lendirme Projesi&#8221;<\/span><\/a><\/p>\n","protected":false},"author":1,"featured_media":0,"parent":0,"menu_order":0,"comment_status":"closed","ping_status":"closed","template":"","meta":{"footnotes":""},"_links":{"self":[{"href":"https:\/\/www.zonguldakarge.com\/index.php?rest_route=\/wp\/v2\/pages\/113"}],"collection":[{"href":"https:\/\/www.zonguldakarge.com\/index.php?rest_route=\/wp\/v2\/pages"}],"about":[{"href":"https:\/\/www.zonguldakarge.com\/index.php?rest_route=\/wp\/v2\/types\/page"}],"author":[{"embeddable":true,"href":"https:\/\/www.zonguldakarge.com\/index.php?rest_route=\/wp\/v2\/users\/1"}],"replies":[{"embeddable":true,"href":"https:\/\/www.zonguldakarge.com\/index.php?rest_route=%2Fwp%2Fv2%2Fcomments&post=113"}],"version-history":[{"count":2,"href":"https:\/\/www.zonguldakarge.com\/index.php?rest_route=\/wp\/v2\/pages\/113\/revisions"}],"predecessor-version":[{"id":118,"href":"https:\/\/www.zonguldakarge.com\/index.php?rest_route=\/wp\/v2\/pages\/113\/revisions\/118"}],"wp:attachment":[{"href":"https:\/\/www.zonguldakarge.com\/index.php?rest_route=%2Fwp%2Fv2%2Fmedia&parent=113"}],"curies":[{"name":"wp","href":"https:\/\/api.w.org\/{rel}","templated":true}]}}