{"id":108,"date":"2023-02-16T15:35:55","date_gmt":"2023-02-16T12:35:55","guid":{"rendered":"http:\/\/www.zonguldakarge.com\/?page_id=108"},"modified":"2023-02-16T15:35:57","modified_gmt":"2023-02-16T12:35:57","slug":"kentsel-donusum-sureci-2-3-2","status":"publish","type":"page","link":"https:\/\/www.zonguldakarge.com\/?page_id=108","title":{"rendered":"Hepsibirarada Paketi"},"content":{"rendered":"\n<p class=\"has-large-font-size\"><strong>Hepsibirarada Paketi<\/strong><\/p>\n\n\n\n<p>\u201c<strong>Siz yar\u0131 yolda kalmay\u0131n<\/strong>&nbsp;\u201ddiye Hepsibirarada Paketini hizmetinize sunmu\u015f bulunmaktay\u0131z.<\/p>\n\n\n\n<p><strong>Kentsel D\u00f6n\u00fc\u015f\u00fcm &#8211; Hepsibirarada Paketi<\/strong><\/p>\n\n\n\n<p>-Riskli Yap\u0131 Tespiti (Raporu)<br>-Mevcut Bina Y\u0131k\u0131m\u0131<br>-Yeniden Projelendirme<br>-Yeniden \u0130n\u015faat<br>-Son Teslimat<\/p>\n\n\n\n<figure class=\"wp-block-image size-full\"><img loading=\"lazy\" decoding=\"async\" width=\"450\" height=\"299\" src=\"http:\/\/www.zonguldakarge.com\/wp-content\/uploads\/2023\/02\/ev.jpg\" alt=\"\" class=\"wp-image-110\" srcset=\"https:\/\/www.zonguldakarge.com\/wp-content\/uploads\/2023\/02\/ev.jpg 450w, https:\/\/www.zonguldakarge.com\/wp-content\/uploads\/2023\/02\/ev-300x199.jpg 300w\" sizes=\"(max-width: 450px) 100vw, 450px\" \/><\/figure>\n","protected":false},"excerpt":{"rendered":"<p>Hepsibirarada Paketi \u201cSiz yar\u0131 yolda kalmay\u0131n&nbsp;\u201ddiye Hepsibirarada Paketini hizmetinize sunmu\u015f bulunmaktay\u0131z. Kentsel D\u00f6n\u00fc\u015f\u00fcm &#8211; Hepsibirarada Paketi -Riskli Yap\u0131 Tespiti (Raporu)-Mevcut Bina Y\u0131k\u0131m\u0131-Yeniden Projelendirme-Yeniden \u0130n\u015faat-Son Teslimat<\/p>\n","protected":false},"author":1,"featured_media":0,"parent":0,"menu_order":0,"comment_status":"closed","ping_status":"closed","template":"","meta":{"footnotes":""},"_links":{"self":[{"href":"https:\/\/www.zonguldakarge.com\/index.php?rest_route=\/wp\/v2\/pages\/108"}],"collection":[{"href":"https:\/\/www.zonguldakarge.com\/index.php?rest_route=\/wp\/v2\/pages"}],"about":[{"href":"https:\/\/www.zonguldakarge.com\/index.php?rest_route=\/wp\/v2\/types\/page"}],"author":[{"embeddable":true,"href":"https:\/\/www.zonguldakarge.com\/index.php?rest_route=\/wp\/v2\/users\/1"}],"replies":[{"embeddable":true,"href":"https:\/\/www.zonguldakarge.com\/index.php?rest_route=%2Fwp%2Fv2%2Fcomments&post=108"}],"version-history":[{"count":1,"href":"https:\/\/www.zonguldakarge.com\/index.php?rest_route=\/wp\/v2\/pages\/108\/revisions"}],"predecessor-version":[{"id":111,"href":"https:\/\/www.zonguldakarge.com\/index.php?rest_route=\/wp\/v2\/pages\/108\/revisions\/111"}],"wp:attachment":[{"href":"https:\/\/www.zonguldakarge.com\/index.php?rest_route=%2Fwp%2Fv2%2Fmedia&parent=108"}],"curies":[{"name":"wp","href":"https:\/\/api.w.org\/{rel}","templated":true}]}}