{"id":105,"date":"2023-02-16T15:28:48","date_gmt":"2023-02-16T12:28:48","guid":{"rendered":"http:\/\/www.zonguldakarge.com\/?page_id=105"},"modified":"2023-02-19T15:20:41","modified_gmt":"2023-02-19T12:20:41","slug":"kentsel-donusum-sureci-2-3","status":"publish","type":"page","link":"https:\/\/www.zonguldakarge.com\/?page_id=105","title":{"rendered":"Finansal Destekler"},"content":{"rendered":"\n<p class=\"has-medium-font-size\"><strong>6306 SAYILI KANUN KAPSAMINDA SA\u011eLANAN F\u0130NANSAL DESTEKLER<\/strong><\/p>\n\n\n\n<p>6306 SAYILI KANUN KAPSAMINDA SA\u011eLANAN F\u0130NANSAL DESTEKLER:<\/p>\n\n\n\n<figure class=\"wp-block-table is-style-stripes\"><table class=\"table\"><tbody><tr><td><a href=\"https:\/\/webdosya.csb.gov.tr\/db\/altyapi\/icerikler\/fa-z-desteg---le--lg-l--deg-s-kl-kler-2022-002-20221003105522.pdf\" target=\"_blank\" rel=\"noreferrer noopener\"><\/a><\/td><td><a href=\"https:\/\/webdosya.csb.gov.tr\/db\/altyapi\/icerikler\/fa-z-desteg---le--lg-l--deg-s-kl-kler-2022-002-20221003105522.pdf\" target=\"_blank\" rel=\"noreferrer noopener\">Faiz Deste\u011fi<\/a><\/td><\/tr><tr><td><a href=\"https:\/\/webdosya.csb.gov.tr\/db\/altyapi\/icerikler\/kira-yardimi-kilavuzu-20190513095551.pdf\" target=\"_blank\" rel=\"noreferrer noopener\"><\/a><\/td><td><a href=\"https:\/\/webdosya.csb.gov.tr\/db\/altyapi\/icerikler\/kira-yardimi-kilavuzu-20190513095551.pdf\" target=\"_blank\" rel=\"noreferrer noopener\">Kira Yard\u0131m\u0131 Uygulama K\u0131lavuzu<\/a><\/td><\/tr><tr><td><a href=\"https:\/\/webdosya.csb.gov.tr\/db\/altyapi\/icerikler\/kopya-guncellenm-s-2022-yili-k-ra-yardimi-tablosu-2-20220907151019.pdf\" target=\"_blank\" rel=\"noreferrer noopener\"><\/a><\/td><td><a href=\"https:\/\/webdosya.csb.gov.tr\/db\/altyapi\/icerikler\/kopya-guncellenm-s-2022-yili-k-ra-yardimi-tablosu-2-20220907151019.pdf\" target=\"_blank\" rel=\"noreferrer noopener\">Kira Yard\u0131m\u0131 Miktar\u0131 2022<\/a><\/td><\/tr><\/tbody><\/table><\/figure>\n\n\n\n<p><\/p>\n","protected":false},"excerpt":{"rendered":"<p>6306 SAYILI KANUN KAPSAMINDA SA\u011eLANAN F\u0130NANSAL DESTEKLER 6306 SAYILI KANUN KAPSAMINDA SA\u011eLANAN F\u0130NANSAL DESTEKLER: Faiz Deste\u011fi Kira Yard\u0131m\u0131 Uygulama K\u0131lavuzu Kira Yard\u0131m\u0131 Miktar\u0131 2022<\/p>\n","protected":false},"author":1,"featured_media":0,"parent":0,"menu_order":0,"comment_status":"closed","ping_status":"closed","template":"","meta":{"footnotes":""},"_links":{"self":[{"href":"https:\/\/www.zonguldakarge.com\/index.php?rest_route=\/wp\/v2\/pages\/105"}],"collection":[{"href":"https:\/\/www.zonguldakarge.com\/index.php?rest_route=\/wp\/v2\/pages"}],"about":[{"href":"https:\/\/www.zonguldakarge.com\/index.php?rest_route=\/wp\/v2\/types\/page"}],"author":[{"embeddable":true,"href":"https:\/\/www.zonguldakarge.com\/index.php?rest_route=\/wp\/v2\/users\/1"}],"replies":[{"embeddable":true,"href":"https:\/\/www.zonguldakarge.com\/index.php?rest_route=%2Fwp%2Fv2%2Fcomments&post=105"}],"version-history":[{"count":2,"href":"https:\/\/www.zonguldakarge.com\/index.php?rest_route=\/wp\/v2\/pages\/105\/revisions"}],"predecessor-version":[{"id":234,"href":"https:\/\/www.zonguldakarge.com\/index.php?rest_route=\/wp\/v2\/pages\/105\/revisions\/234"}],"wp:attachment":[{"href":"https:\/\/www.zonguldakarge.com\/index.php?rest_route=%2Fwp%2Fv2%2Fmedia&parent=105"}],"curies":[{"name":"wp","href":"https:\/\/api.w.org\/{rel}","templated":true}]}}