{"id":101,"date":"2023-02-16T15:15:30","date_gmt":"2023-02-16T12:15:30","guid":{"rendered":"http:\/\/www.zonguldakarge.com\/?page_id=101"},"modified":"2023-02-17T15:46:09","modified_gmt":"2023-02-17T12:46:09","slug":"kentsel-donusum-sureci-2-2","status":"publish","type":"page","link":"https:\/\/www.zonguldakarge.com\/?page_id=101","title":{"rendered":"Riskli Yap\u0131 Tespiti"},"content":{"rendered":"\n<p class=\"has-large-font-size\"><strong>Riskli Yap\u0131 Tespiti \/ Deprem Risk Raporu<\/strong><\/p>\n\n\n\n<p>Riskli Yap\u0131 \/ Deprem Risk Raporu a\u015fa\u011f\u0131daki s\u00fcre\u00e7ler sonucunda olu\u015fur :<\/p>\n\n\n\n<p>\u2022&nbsp; Binaya ait projelerin temini; proje yok ise bina ta\u015f\u0131y\u0131c\u0131 sistem r\u00f6levesi haz\u0131rlan\u0131r.<br>\u2022&nbsp; Bina beton kalitesinin belirlenmesi i\u00e7in kolonlardan \u201ckarot numunesi\u201d al\u0131n\u0131r.<br>\u2022&nbsp; Karot ile al\u0131nan numunelerin dayan\u0131m testleri yap\u0131l\u0131r ve raporlan\u0131r.<br>\u2022&nbsp; Betonarme kolon, kiri\u015f ve perdelerin donat\u0131 \u00e7ap ve adetleri tespit edilir.<br>\u2022&nbsp; R\u00f6ntgen ile Betonarme kolon, kiri\u015f ve perdelerde etriye s\u0131kl\u0131\u011f\u0131n\u0131n tespit edilir.<br>\u2022&nbsp; Binan\u0131n oturdu\u011fu zeminin ta\u015f\u0131ma g\u00fcc\u00fcn\u00fcn belirlenmesi i\u00e7in zemin et\u00fct raporu haz\u0131rlan\u0131r.<br>\u2022&nbsp; Binan\u0131n ta\u015f\u0131y\u0131c\u0131 sistemi dijital ortamda 3 boyutlu modellenerek \u201cStatik Performans Analiz Raporu\u201d olu\u015fturulur.<br>\u2022&nbsp; Yap\u0131lan t\u00fcm \u00e7al\u0131\u015fmalar sonucu; \u0130lgili Y\u00f6netmeli\u011fe ba\u011fl\u0131 kal\u0131narak Deprem Risk Raporu haz\u0131rlan\u0131r ve sizin ad\u0131n\u0131za ilgili m\u00fcd\u00fcrl\u00fc\u011fe teslim edilerek; onay a\u015famas\u0131na dek takibi s\u00fcrd\u00fcr\u00fcl\u00fcr.<\/p>\n\n\n\n<figure class=\"wp-block-image size-large\"><img loading=\"lazy\" decoding=\"async\" width=\"1024\" height=\"1018\" src=\"http:\/\/www.zonguldakarge.com\/wp-content\/uploads\/2023\/02\/WhatsApp-Image-2023-02-17-at-15.39.02-1024x1018.jpeg\" alt=\"\" class=\"wp-image-188\" srcset=\"https:\/\/www.zonguldakarge.com\/wp-content\/uploads\/2023\/02\/WhatsApp-Image-2023-02-17-at-15.39.02-1024x1018.jpeg 1024w, https:\/\/www.zonguldakarge.com\/wp-content\/uploads\/2023\/02\/WhatsApp-Image-2023-02-17-at-15.39.02-300x298.jpeg 300w, https:\/\/www.zonguldakarge.com\/wp-content\/uploads\/2023\/02\/WhatsApp-Image-2023-02-17-at-15.39.02-150x150.jpeg 150w, https:\/\/www.zonguldakarge.com\/wp-content\/uploads\/2023\/02\/WhatsApp-Image-2023-02-17-at-15.39.02-768x763.jpeg 768w, https:\/\/www.zonguldakarge.com\/wp-content\/uploads\/2023\/02\/WhatsApp-Image-2023-02-17-at-15.39.02-1200x1193.jpeg 1200w, https:\/\/www.zonguldakarge.com\/wp-content\/uploads\/2023\/02\/WhatsApp-Image-2023-02-17-at-15.39.02.jpeg 1282w\" sizes=\"(max-width: 1024px) 100vw, 1024px\" \/><\/figure>\n","protected":false},"excerpt":{"rendered":"<p>Riskli Yap\u0131 Tespiti \/ Deprem Risk Raporu Riskli Yap\u0131 \/ Deprem Risk Raporu a\u015fa\u011f\u0131daki s\u00fcre\u00e7ler sonucunda olu\u015fur : \u2022&nbsp; Binaya ait projelerin temini; proje yok ise bina ta\u015f\u0131y\u0131c\u0131 sistem r\u00f6levesi haz\u0131rlan\u0131r.\u2022&nbsp; Bina beton kalitesinin belirlenmesi i\u00e7in kolonlardan \u201ckarot numunesi\u201d al\u0131n\u0131r.\u2022&nbsp; Karot ile al\u0131nan numunelerin dayan\u0131m testleri yap\u0131l\u0131r ve raporlan\u0131r.\u2022&nbsp; Betonarme kolon, kiri\u015f ve perdelerin donat\u0131 &hellip; <a href=\"https:\/\/www.zonguldakarge.com\/?page_id=101\" class=\"more-link\">Continue reading<span class=\"screen-reader-text\"> &#8220;Riskli Yap\u0131 Tespiti&#8221;<\/span><\/a><\/p>\n","protected":false},"author":1,"featured_media":0,"parent":0,"menu_order":0,"comment_status":"closed","ping_status":"closed","template":"","meta":{"footnotes":""},"_links":{"self":[{"href":"https:\/\/www.zonguldakarge.com\/index.php?rest_route=\/wp\/v2\/pages\/101"}],"collection":[{"href":"https:\/\/www.zonguldakarge.com\/index.php?rest_route=\/wp\/v2\/pages"}],"about":[{"href":"https:\/\/www.zonguldakarge.com\/index.php?rest_route=\/wp\/v2\/types\/page"}],"author":[{"embeddable":true,"href":"https:\/\/www.zonguldakarge.com\/index.php?rest_route=\/wp\/v2\/users\/1"}],"replies":[{"embeddable":true,"href":"https:\/\/www.zonguldakarge.com\/index.php?rest_route=%2Fwp%2Fv2%2Fcomments&post=101"}],"version-history":[{"count":2,"href":"https:\/\/www.zonguldakarge.com\/index.php?rest_route=\/wp\/v2\/pages\/101\/revisions"}],"predecessor-version":[{"id":189,"href":"https:\/\/www.zonguldakarge.com\/index.php?rest_route=\/wp\/v2\/pages\/101\/revisions\/189"}],"wp:attachment":[{"href":"https:\/\/www.zonguldakarge.com\/index.php?rest_route=%2Fwp%2Fv2%2Fmedia&parent=101"}],"curies":[{"name":"wp","href":"https:\/\/api.w.org\/{rel}","templated":true}]}}